{"id":33,"date":"2022-12-06T10:52:14","date_gmt":"2022-12-06T09:52:14","guid":{"rendered":"https:\/\/consulting.rov-expert.fr\/?page_id=33"},"modified":"2024-07-18T10:57:31","modified_gmt":"2024-07-18T08:57:31","slug":"avisos-legals","status":"publish","type":"page","link":"https:\/\/rov-expert.com\/ca\/mentions-legales\/","title":{"rendered":"Avisos legals"},"content":{"rendered":"<h2 class=\"wp-block-heading\">1 \u2013 Edici\u00f3 del lloc<\/h2>\n\n\n\n<p>Sota&nbsp;<a href=\"https:\/\/www.legifrance.gouv.fr\/affichTexte.do?cidTexte=JORFTEXT000000801164#LEGIARTI000042038977\" target=\"_blank\" rel=\"noreferrer noopener nofollow\">Article 6 de la Llei n\u00fam. 2004-575 de 21 de juny de 2004<\/a>&nbsp;per a la confian\u00e7a en l&#039;economia digital, s&#039;informa als usuaris del lloc web&nbsp;<strong><a href=\"https:\/\/consulting.rov-expert.fr\/\" rel=\"nofollow noopener\" target=\"_blank\">https:\/\/consulting.rov-expert.fr\/<\/a><\/strong>&nbsp;la identitat dels diferents agents implicats en la seva implementaci\u00f3 i seguiment:<\/p>\n\n\n\n<p><strong>Propietari del lloc:\u00a0<\/strong>ROV EXPERT \u2013 Contacte: contact@rov-expert.fr 06 85 35 01 50 \u2013 Adre\u00e7a: 132 Rue PS Marquis de Laplace 34500 B\u00e9ziers.<\/p>\n\n\n\n<p><strong>Identificaci\u00f3 de l&#039;empresa:<\/strong>\u00a0SAS ROV EXPERT amb capital social de 1.000 \u20ac \u2013 SIREN: 827758251 \u2013 RCS o RM: Beziers B 827 758 251 \u2013 Adre\u00e7a postal: 132 Rue PS Marquis de Laplace 34500 B\u00e9ziers<\/p>\n\n\n\n<p><strong>Director de publicacions:\u00a0<\/strong>Andreas Pinsker \u2013 Contacte: contact@rov-expert.fr.<\/p>\n\n\n\n<p><strong>Amfitri\u00f3:<\/strong>&nbsp;OVH SAS \u2013 2 rue Kellermann \u2013 BP 80157 \u2013 59053 Roubaix Cedex 1 \u2013 Tel\u00e8fon: 1007<\/p>\n\n\n\n<p><strong>Delegat de Protecci\u00f3 de Dades:&nbsp;<\/strong>Andreas Pinsker \u2013 contact@rov-expert.fr<\/p>\n\n\n\n<hr class=\"wp-block-separator has-alpha-channel-opacity\"\/>\n\n\n\n<h2 class=\"wp-block-heading\">2 \u2013 Propietat intel\u00b7lectual i falsificaci\u00f3.<\/h2>\n\n\n\n<p><strong>EXPERT ROV<\/strong>&nbsp;\u00e9s titular dels drets de propietat intel\u00b7lectual i ostenta els drets d&#039;\u00fas de tots els elements accessibles al lloc web, incloent-hi textos, imatges, gr\u00e0fics, logotips, v\u00eddeos, arquitectura, icones i sons.<\/p>\n\n\n\n<p>Queda prohibida qualsevol reproducci\u00f3, representaci\u00f3, modificaci\u00f3, publicaci\u00f3, adaptaci\u00f3 de la totalitat o part dels elements del lloc, sigui quin sigui el mitj\u00e0 o proc\u00e9s utilitzat, excepte autoritzaci\u00f3 pr\u00e8via per escrit de&nbsp;<strong>EXPERT ROV<\/strong>.<\/p>\n\n\n\n<p>Qualsevol \u00fas no autoritzat del lloc o de qualsevol dels elements que cont\u00e9 es considerar\u00e0 constitutiu d&#039;una infracci\u00f3 i ser\u00e0 perseguit d&#039;acord amb el que estableixen els articles.&nbsp;<a href=\"https:\/\/www.legifrance.gouv.fr\/affichCodeArticle.do?idArticle=LEGIARTI000032655082&amp;cidTexte=LEGITEXT000006069414&amp;dateTexte=20160605\" target=\"_blank\" rel=\"noreferrer noopener nofollow\">L.335-2 i seg\u00fcents del Codi de la propietat intel\u00b7lectual<\/a>.<\/p>\n\n\n\n<hr class=\"wp-block-separator has-alpha-channel-opacity\"\/>\n\n\n\n<h2 class=\"wp-block-heading\">3 \u2013 Limitacions de responsabilitat.<\/h2>\n\n\n\n<p><strong>EXPERT ROV<\/strong>&nbsp;no es fa responsable dels danys directes o indirectes causats a l&#039;equip de l&#039;usuari en accedir al lloc&nbsp;<strong><a href=\"https:\/\/consulting.rov-expert.fr\/\" rel=\"nofollow noopener\" target=\"_blank\">https:\/\/consulting.rov-expert.fr\/<\/a><\/strong>.<\/p>\n\n\n\n<p><strong>EXPERT ROV<\/strong>&nbsp;declina tota responsabilitat per l&#039;\u00fas que es pugui fer de la informaci\u00f3 i continguts presents&nbsp;<strong><a href=\"https:\/\/consulting.rov-expert.fr\/\" rel=\"nofollow noopener\" target=\"_blank\">https:\/\/consulting.rov-expert.fr\/<\/a><\/strong>.<\/p>\n\n\n\n<p><strong>EXPERT ROV<\/strong>&nbsp;es compromet a protegir el lloc de la millor manera possible&nbsp;<strong><a href=\"https:\/\/consulting.rov-expert.fr\/\" rel=\"nofollow noopener\" target=\"_blank\">https:\/\/consulting.rov-expert.fr\/<\/a><\/strong>, per\u00f2 la seva responsabilitat no es pot posar en dubte si s&#039;importen i s&#039;instal\u00b7len dades no desitjades al seu lloc sense el seu coneixement.<\/p>\n\n\n\n<p>Els espais interactius (espai de contacte o comentaris) estan disponibles per als usuaris.&nbsp;<strong>EXPERT ROV<\/strong>&nbsp;es reserva el dret d&#039;esborrar, sense av\u00eds previ, qualsevol contingut publicat en aquest espai que contravingui la legislaci\u00f3 aplicable a Fran\u00e7a, en particular les disposicions relatives a la protecci\u00f3 de dades.<\/p>\n\n\n\n<p>Si escau,&nbsp;<strong>EXPERT ROV<\/strong>&nbsp;Aix\u00ed mateix, es reserva el dret d&#039;iniciar accions civils i\/o penals contra l&#039;usuari, especialment en cas de missatges de car\u00e0cter racista, injuri\u00f3s, difamatori o pornogr\u00e0fic, independentment del mitj\u00e0 utilitzat (text, fotografia, etc.).<\/p>\n\n\n\n<hr class=\"wp-block-separator has-alpha-channel-opacity\"\/>\n\n\n\n<h2 class=\"wp-block-heading\">4 \u2013 CNIL i gesti\u00f3 de dades personals.<\/h2>\n\n\n\n<p>D&#039;acord amb el que disposa&nbsp;<a href=\"https:\/\/www.legifrance.gouv.fr\/affichTexte.do?cidTexte=JORFTEXT000000886460\" target=\"_blank\" rel=\"noreferrer noopener nofollow\">Llei 78-17, de 6 de gener de 1978, modificada<\/a>, l&#039;usuari del lloc&nbsp;<strong><a href=\"https:\/\/consulting.rov-expert.fr\/\" rel=\"nofollow noopener\" target=\"_blank\">https:\/\/consulting.rov-expert.fr\/<\/a><\/strong>&nbsp;t\u00e9 dret a accedir, modificar i eliminar la informaci\u00f3 recollida. Per exercir aquest dret, envieu un missatge al nostre Delegat de Protecci\u00f3 de Dades:&nbsp;<strong>Andreas Pinsker<\/strong>&nbsp;\u2013&nbsp;<strong>contact@rov-expert.fr<\/strong>.<\/p>\n\n\n\n<p>Per obtenir m\u00e9s informaci\u00f3 sobre com tractem les vostres dades (tipus de dades, finalitat, destinatari, etc.), llegiu el nostre&nbsp;<strong><a href=\"https:\/\/consulting.rov-expert.fr\/index.php\/politique-de-confidentialite\/\" rel=\"nofollow noopener\" target=\"_blank\">https:\/\/consulting.rov-expert.fr\/index.php\/politique-de-confidentialite\/<\/a><\/strong>.<\/p>\n\n\n\n<hr class=\"wp-block-separator has-alpha-channel-opacity\"\/>\n\n\n\n<h2 class=\"wp-block-heading\">5 \u2013 Enlla\u00e7os d&#039;hipertext i cookies<\/h2>\n\n\n\n<p>El lloc&nbsp;<strong><a href=\"https:\/\/consulting.rov-expert.fr\/\" rel=\"nofollow noopener\" target=\"_blank\">https:\/\/consulting.rov-expert.fr\/<\/a><\/strong>&nbsp;cont\u00e9 hipervincles a altres llocs i declina tota responsabilitat per aquests enlla\u00e7os externs o enlla\u00e7os creats per altres llocs a&nbsp;<strong><a href=\"https:\/\/consulting.rov-expert.fr\/\" rel=\"nofollow noopener\" target=\"_blank\">https:\/\/consulting.rov-expert.fr\/<\/a><\/strong>.<\/p>\n\n\n\n<p>Navegaci\u00f3 pel lloc&nbsp;<strong><a href=\"https:\/\/consulting.rov-expert.fr\/\" rel=\"nofollow noopener\" target=\"_blank\">https:\/\/consulting.rov-expert.fr\/<\/a><\/strong>&nbsp;\u00e9s probable que provoqui la instal\u00b7laci\u00f3 de galetes a l&#039;ordinador de l&#039;usuari.<\/p>\n\n\n\n<p>Una &quot;cookie&quot; \u00e9s un petit fitxer que registra informaci\u00f3 relacionada amb la navegaci\u00f3 d&#039;un usuari en un lloc. Les dades aix\u00ed obtingudes es poden utilitzar per obtenir mesures d&#039;assist\u00e8ncia, per exemple.<\/p>\n\n\n\n<p>Tens la possibilitat&nbsp;<strong>per acceptar o rebutjar cookies<\/strong>&nbsp;canviant la configuraci\u00f3 del navegador. No es col\u00b7locaran cookies sense el vostre consentiment.<\/p>\n\n\n\n<p>Les cookies s&#039;emmagatzemen durant un per\u00edode m\u00e0xim de 12 mesos.<\/p>\n\n\n\n<p>Per obtenir m\u00e9s informaci\u00f3 sobre com fem servir les cookies, llegiu el nostre&nbsp;<strong><a href=\"https:\/\/consulting.rov-expert.fr\/index.php\/politique-de-confidentialite\" rel=\"nofollow noopener\" target=\"_blank\">https:\/\/consulting.rov-expert.fr\/index.php\/politique-de-confidentialite<\/a>\/<\/strong>.<\/p>\n\n\n\n<hr class=\"wp-block-separator has-alpha-channel-opacity\"\/>\n\n\n\n<h2 class=\"wp-block-heading\">6 \u2013 Llei aplicable i atribuci\u00f3 de la jurisdicci\u00f3.<\/h2>\n\n\n\n<p>Qualsevol controv\u00e8rsia relacionada amb l&#039;\u00fas del lloc&nbsp;<strong><a href=\"https:\/\/consulting.rov-expert.fr\/\" rel=\"nofollow noopener\" target=\"_blank\">https:\/\/consulting.rov-expert.fr\/<\/a><\/strong>&nbsp;est\u00e0 subjecte a la llei francesa. Llevat dels casos en qu\u00e8 la llei no ho permeti, la jurisdicci\u00f3 exclusiva s&#039;atorga als jutjats competents de&nbsp;<strong>B\u00e9ziers<\/strong>.<\/p>","protected":false},"excerpt":{"rendered":"<p>1 &#8211; \u00c9dition du site En vertu de&nbsp;l&rsquo;article 6 de la loi n\u00b0 2004-575 du 21 juin 2004&nbsp;pour la confiance dans l&rsquo;\u00e9conomie num\u00e9rique, il est pr\u00e9cis\u00e9 aux utilisateurs du site internet&nbsp;https:\/\/consulting.rov-expert.fr\/&nbsp;l&rsquo;identit\u00e9 des diff\u00e9rents intervenants dans le cadre de sa r\u00e9alisation et de son suivi: Propri\u00e9taire du site :\u00a0ROV EXPERT\u00a0&#8211; Contact :\u00a0contact@rov-expert.fr\u00a006 85 35 01 50\u00a0&#8211; [&hellip;]<\/p>\n","protected":false},"author":1,"featured_media":0,"parent":0,"menu_order":0,"comment_status":"closed","ping_status":"closed","template":"","meta":{"footnotes":""},"class_list":["post-33","page","type-page","status-publish","hentry"],"_links":{"self":[{"href":"https:\/\/rov-expert.com\/ca\/wp-json\/wp\/v2\/pages\/33","targetHints":{"allow":["GET"]}}],"collection":[{"href":"https:\/\/rov-expert.com\/ca\/wp-json\/wp\/v2\/pages"}],"about":[{"href":"https:\/\/rov-expert.com\/ca\/wp-json\/wp\/v2\/types\/page"}],"author":[{"embeddable":true,"href":"https:\/\/rov-expert.com\/ca\/wp-json\/wp\/v2\/users\/1"}],"replies":[{"embeddable":true,"href":"https:\/\/rov-expert.com\/ca\/wp-json\/wp\/v2\/comments?post=33"}],"version-history":[{"count":3,"href":"https:\/\/rov-expert.com\/ca\/wp-json\/wp\/v2\/pages\/33\/revisions"}],"predecessor-version":[{"id":1295,"href":"https:\/\/rov-expert.com\/ca\/wp-json\/wp\/v2\/pages\/33\/revisions\/1295"}],"wp:attachment":[{"href":"https:\/\/rov-expert.com\/ca\/wp-json\/wp\/v2\/media?parent=33"}],"curies":[{"name":"wp","href":"https:\/\/api.w.org\/{rel}","templated":true}]}}