{"id":3086,"date":"2025-03-15T10:11:19","date_gmt":"2025-03-15T09:11:19","guid":{"rendered":"https:\/\/consulting.rov-expert.fr\/index.php\/produit\/camera-tilt-system-usb-camera\/"},"modified":"2025-03-15T10:11:19","modified_gmt":"2025-03-15T09:11:19","slug":"camera-tilt-system-usb-camera","status":"publish","type":"product","link":"https:\/\/rov-expert.com\/ca\/garage\/auv\/camera-tilt-system-usb-camera\/","title":{"rendered":"Sistema d&#039;inclinaci\u00f3 de la c\u00e0mera (c\u00e0mera USB)"},"content":{"rendered":"","protected":false},"excerpt":{"rendered":"","protected":false},"featured_media":1573,"template":"","meta":[],"product_brand":[131],"product_cat":[128,125,130,126,129,127],"product_tag":[],"class_list":{"0":"post-3086","1":"product","2":"type-product","3":"status-publish","4":"has-post-thumbnail","6":"product_brand-blue-robotics","7":"product_cat-auv","8":"product_cat-blue-robotics","9":"product_cat-robotics","10":"product_cat-rov","11":"product_cat-underwater","12":"product_cat-usv","14":"first","15":"instock","16":"shipping-taxable","17":"product-type-simple"},"_links":{"self":[{"href":"https:\/\/rov-expert.com\/ca\/wp-json\/wp\/v2\/product\/3086","targetHints":{"allow":["GET"]}}],"collection":[{"href":"https:\/\/rov-expert.com\/ca\/wp-json\/wp\/v2\/product"}],"about":[{"href":"https:\/\/rov-expert.com\/ca\/wp-json\/wp\/v2\/types\/product"}],"wp:featuredmedia":[{"embeddable":true,"href":"https:\/\/rov-expert.com\/ca\/wp-json\/wp\/v2\/media\/1573"}],"wp:attachment":[{"href":"https:\/\/rov-expert.com\/ca\/wp-json\/wp\/v2\/media?parent=3086"}],"wp:term":[{"taxonomy":"product_brand","embeddable":true,"href":"https:\/\/rov-expert.com\/ca\/wp-json\/wp\/v2\/product_brand?post=3086"},{"taxonomy":"product_cat","embeddable":true,"href":"https:\/\/rov-expert.com\/ca\/wp-json\/wp\/v2\/product_cat?post=3086"},{"taxonomy":"product_tag","embeddable":true,"href":"https:\/\/rov-expert.com\/ca\/wp-json\/wp\/v2\/product_tag?post=3086"}],"curies":[{"name":"wp","href":"https:\/\/api.w.org\/{rel}","templated":true}]}}