{"id":33,"date":"2022-12-06T10:52:14","date_gmt":"2022-12-06T09:52:14","guid":{"rendered":"https:\/\/consulting.rov-expert.fr\/?page_id=33"},"modified":"2024-07-18T10:57:31","modified_gmt":"2024-07-18T08:57:31","slug":"rechtliche-hinweise","status":"publish","type":"page","link":"https:\/\/rov-expert.com\/de\/mentions-legales\/","title":{"rendered":"Rechtliche Hinweise"},"content":{"rendered":"<h2 class=\"wp-block-heading\">1 \u2013 Bearbeiten der Site<\/h2>\n\n\n\n<p>Unter&nbsp;<a href=\"https:\/\/www.legifrance.gouv.fr\/affichTexte.do?cidTexte=JORFTEXT000000801164#LEGIARTI000042038977\" target=\"_blank\" rel=\"noreferrer noopener nofollow\">Artikel 6 des Gesetzes Nr. 2004-575 vom 21. Juni 2004<\/a>&nbsp;F\u00fcr das Vertrauen in die digitale Wirtschaft werden die Nutzer der Website informiert&nbsp;<strong><a href=\"https:\/\/consulting.rov-expert.fr\/\" rel=\"nofollow noopener\" target=\"_blank\">https:\/\/consulting.rov-expert.fr\/<\/a><\/strong>&nbsp;die Identit\u00e4t der verschiedenen an der Umsetzung und \u00dcberwachung beteiligten Akteure:<\/p>\n\n\n\n<p><strong>Seiteninhaber:\u00a0<\/strong>ROV EXPERT \u2013 Kontakt: contact@rov-expert.fr 06 85 35 01 50 \u2013 Adresse: 132 Rue PS Marquis de Laplace 34500 B\u00e9ziers.<\/p>\n\n\n\n<p><strong>Firmenidentifikation:<\/strong>\u00a0SAS ROV EXPERT mit einem Aktienkapital von 1000 \u20ac \u2013 SIREN: 827758251 \u2013 RCS oder RM: Beziers B 827 758 251 \u2013 Postanschrift: 132 Rue PS Marquis de Laplace 34500 B\u00e9ziers<\/p>\n\n\n\n<p><strong>Publikationsleiter:\u00a0<\/strong>Andreas Pinsker \u2013 Kontakt: contact@rov-expert.fr.<\/p>\n\n\n\n<p><strong>Gastgeber:<\/strong>&nbsp;OVH SAS \u2013 2 rue Kellermann \u2013 BP 80157 \u2013 59053 Roubaix Cedex 1 \u2013 Telefon: 1007<\/p>\n\n\n\n<p><strong>Datenschutzbeauftragter:&nbsp;<\/strong>Andreas Pinsker \u2013 contact@rov-expert.fr<\/p>\n\n\n\n<hr class=\"wp-block-separator has-alpha-channel-opacity\"\/>\n\n\n\n<h2 class=\"wp-block-heading\">2 \u2013 Geistiges Eigentum und Produktf\u00e4lschung.<\/h2>\n\n\n\n<p><strong>ROV-EXPERTE<\/strong>&nbsp;ist Eigent\u00fcmer der geistigen Eigentumsrechte und besitzt die Nutzungsrechte an allen auf der Website zug\u00e4nglichen Elementen, einschlie\u00dflich Texten, Bildern, Grafiken, Logos, Videos, Architektur, Symbolen und Sounds.<\/p>\n\n\n\n<p>Jegliche Reproduktion, Darstellung, \u00c4nderung, Ver\u00f6ffentlichung oder Anpassung aller oder eines Teils der Elemente der Website, unabh\u00e4ngig von den verwendeten Mitteln oder Verfahren, ist ohne vorherige schriftliche Genehmigung von verboten.&nbsp;<strong>ROV-EXPERTE<\/strong>.<\/p>\n\n\n\n<p>Jede unbefugte Nutzung der Website oder der darin enthaltenen Elemente wird als Versto\u00df betrachtet und gem\u00e4\u00df den Bestimmungen der Artikel verfolgt&nbsp;<a href=\"https:\/\/www.legifrance.gouv.fr\/affichCodeArticle.do?idArticle=LEGIARTI000032655082&amp;cidTexte=LEGITEXT000006069414&amp;dateTexte=20160605\" target=\"_blank\" rel=\"noreferrer noopener nofollow\">L.335-2 ff. des Gesetzes \u00fcber geistiges Eigentum<\/a>.<\/p>\n\n\n\n<hr class=\"wp-block-separator has-alpha-channel-opacity\"\/>\n\n\n\n<h2 class=\"wp-block-heading\">3 \u2013 Haftungsbeschr\u00e4nkungen.<\/h2>\n\n\n\n<p><strong>ROV-EXPERTE<\/strong>&nbsp;kann nicht f\u00fcr direkte oder indirekte Sch\u00e4den verantwortlich gemacht werden, die an der Ausr\u00fcstung des Benutzers beim Zugriff auf die Website entstehen&nbsp;<strong><a href=\"https:\/\/consulting.rov-expert.fr\/\" rel=\"nofollow noopener\" target=\"_blank\">https:\/\/consulting.rov-expert.fr\/<\/a><\/strong>.<\/p>\n\n\n\n<p><strong>ROV-EXPERTE<\/strong>&nbsp;lehnt jede Verantwortung f\u00fcr die Nutzung der Informationen und Inhalte auf&nbsp;<strong><a href=\"https:\/\/consulting.rov-expert.fr\/\" rel=\"nofollow noopener\" target=\"_blank\">https:\/\/consulting.rov-expert.fr\/<\/a><\/strong>.<\/p>\n\n\n\n<p><strong>ROV-EXPERTE<\/strong>&nbsp;verpflichtet sich, den Standort bestm\u00f6glich zu sichern&nbsp;<strong><a href=\"https:\/\/consulting.rov-expert.fr\/\" rel=\"nofollow noopener\" target=\"_blank\">https:\/\/consulting.rov-expert.fr\/<\/a><\/strong>, seine Verantwortung kann jedoch nicht in Frage gestellt werden, wenn ohne sein Wissen unerw\u00fcnschte Daten importiert und auf seiner Site installiert werden.<\/p>\n\n\n\n<p>Den Benutzern stehen interaktive Bereiche (Kontakt- oder Kommentarbereich) zur Verf\u00fcgung.&nbsp;<strong>ROV-EXPERTE<\/strong>&nbsp;beh\u00e4lt sich das Recht vor, in diesem Bereich ver\u00f6ffentlichte Inhalte, die gegen die in Frankreich geltenden Gesetze, insbesondere die Bestimmungen zum Datenschutz, versto\u00dfen, ohne vorherige Ank\u00fcndigung zu l\u00f6schen.<\/p>\n\n\n\n<p>Gegebenenfalls,&nbsp;<strong>ROV-EXPERTE<\/strong>&nbsp;beh\u00e4lt sich au\u00dferdem das Recht vor, zivil- und\/oder strafrechtliche Schritte gegen den Nutzer einzuleiten, insbesondere im Falle von Nachrichten rassistischer, beleidigender, diffamierender oder pornografischer Art, unabh\u00e4ngig vom verwendeten Medium (Text, Foto usw.).<\/p>\n\n\n\n<hr class=\"wp-block-separator has-alpha-channel-opacity\"\/>\n\n\n\n<h2 class=\"wp-block-heading\">4 \u2013 CNIL und Verwaltung personenbezogener Daten.<\/h2>\n\n\n\n<p>Gem\u00e4\u00df den Bestimmungen von&nbsp;<a href=\"https:\/\/www.legifrance.gouv.fr\/affichTexte.do?cidTexte=JORFTEXT000000886460\" target=\"_blank\" rel=\"noreferrer noopener nofollow\">Gesetz 78-17 vom 6. Januar 1978 in der ge\u00e4nderten Fassung<\/a>, der Benutzer der Website&nbsp;<strong><a href=\"https:\/\/consulting.rov-expert.fr\/\" rel=\"nofollow noopener\" target=\"_blank\">https:\/\/consulting.rov-expert.fr\/<\/a><\/strong>&nbsp;hat das Recht, auf die gesammelten Informationen zuzugreifen, sie zu \u00e4ndern und zu l\u00f6schen. Um dieses Recht auszu\u00fcben, senden Sie eine Nachricht an unseren Datenschutzbeauftragten:&nbsp;<strong>Andreas Pinsker<\/strong>&nbsp;\u2013&nbsp;<strong>contact@rov-expert.fr<\/strong>.<\/p>\n\n\n\n<p>Weitere Informationen zur Verarbeitung Ihrer Daten durch uns (Art der Daten, Zweck, Empf\u00e4nger etc.) finden Sie in unserer&nbsp;<strong><a href=\"https:\/\/consulting.rov-expert.fr\/index.php\/politique-de-confidentialite\/\" rel=\"nofollow noopener\" target=\"_blank\">https:\/\/consulting.rov-expert.fr\/index.php\/politique-de-confidentialite\/<\/a><\/strong>.<\/p>\n\n\n\n<hr class=\"wp-block-separator has-alpha-channel-opacity\"\/>\n\n\n\n<h2 class=\"wp-block-heading\">5 \u2013 Hypertext-Links und Cookies<\/h2>\n\n\n\n<p>Die Site&nbsp;<strong><a href=\"https:\/\/consulting.rov-expert.fr\/\" rel=\"nofollow noopener\" target=\"_blank\">https:\/\/consulting.rov-expert.fr\/<\/a><\/strong>&nbsp;enth\u00e4lt Hyperlinks zu anderen Websites und lehnt jegliche Haftung f\u00fcr diese externen Links oder Links, die von anderen Websites erstellt wurden, ab&nbsp;<strong><a href=\"https:\/\/consulting.rov-expert.fr\/\" rel=\"nofollow noopener\" target=\"_blank\">https:\/\/consulting.rov-expert.fr\/<\/a><\/strong>.<\/p>\n\n\n\n<p>Navigation auf der Site&nbsp;<strong><a href=\"https:\/\/consulting.rov-expert.fr\/\" rel=\"nofollow noopener\" target=\"_blank\">https:\/\/consulting.rov-expert.fr\/<\/a><\/strong>&nbsp;f\u00fchrt wahrscheinlich zur Installation von Cookies auf dem Computer des Benutzers.<\/p>\n\n\n\n<p>Ein \u201eCookie\u201c ist eine kleine Datei, die Informationen zur Navigation eines Benutzers auf einer Site aufzeichnet. Die so gewonnenen Daten k\u00f6nnen beispielsweise zur Durchf\u00fchrung von Anwesenheitsmessungen genutzt werden.<\/p>\n\n\n\n<p>Sie haben die M\u00f6glichkeit&nbsp;<strong>Cookies akzeptieren oder ablehnen<\/strong>&nbsp;durch \u00c4ndern Ihrer Browsereinstellungen. Ohne Ihre Zustimmung werden keine Cookies gesetzt.<\/p>\n\n\n\n<p>Die Dauer der Speicherung der Cookies betr\u00e4gt maximal 12 Monate.<\/p>\n\n\n\n<p>Weitere Informationen zur Verwendung von Cookies finden Sie in unserer&nbsp;<strong><a href=\"https:\/\/consulting.rov-expert.fr\/index.php\/politique-de-confidentialite\" rel=\"nofollow noopener\" target=\"_blank\">https:\/\/consulting.rov-expert.fr\/index.php\/politique-de-confidentialite<\/a>\/<\/strong>.<\/p>\n\n\n\n<hr class=\"wp-block-separator has-alpha-channel-opacity\"\/>\n\n\n\n<h2 class=\"wp-block-heading\">6 \u2013 Geltendes Recht und Gerichtsstand.<\/h2>\n\n\n\n<p>Streitigkeiten im Zusammenhang mit der Nutzung der Website&nbsp;<strong><a href=\"https:\/\/consulting.rov-expert.fr\/\" rel=\"nofollow noopener\" target=\"_blank\">https:\/\/consulting.rov-expert.fr\/<\/a><\/strong>&nbsp;unterliegt franz\u00f6sischem Recht. Sofern das Gesetz dies nicht zul\u00e4sst, ist ausschlie\u00dflich die Zust\u00e4ndigkeit der zust\u00e4ndigen Gerichte von&nbsp;<strong>B\u00e9ziers<\/strong>.<\/p>","protected":false},"excerpt":{"rendered":"<p>1 &#8211; \u00c9dition du site En vertu de&nbsp;l&rsquo;article 6 de la loi n\u00b0 2004-575 du 21 juin 2004&nbsp;pour la confiance dans l&rsquo;\u00e9conomie num\u00e9rique, il est pr\u00e9cis\u00e9 aux utilisateurs du site internet&nbsp;https:\/\/consulting.rov-expert.fr\/&nbsp;l&rsquo;identit\u00e9 des diff\u00e9rents intervenants dans le cadre de sa r\u00e9alisation et de son suivi: Propri\u00e9taire du site :\u00a0ROV EXPERT\u00a0&#8211; Contact :\u00a0contact@rov-expert.fr\u00a006 85 35 01 50\u00a0&#8211; [&hellip;]<\/p>\n","protected":false},"author":1,"featured_media":0,"parent":0,"menu_order":0,"comment_status":"closed","ping_status":"closed","template":"","meta":{"footnotes":""},"class_list":["post-33","page","type-page","status-publish","hentry"],"_links":{"self":[{"href":"https:\/\/rov-expert.com\/de\/wp-json\/wp\/v2\/pages\/33","targetHints":{"allow":["GET"]}}],"collection":[{"href":"https:\/\/rov-expert.com\/de\/wp-json\/wp\/v2\/pages"}],"about":[{"href":"https:\/\/rov-expert.com\/de\/wp-json\/wp\/v2\/types\/page"}],"author":[{"embeddable":true,"href":"https:\/\/rov-expert.com\/de\/wp-json\/wp\/v2\/users\/1"}],"replies":[{"embeddable":true,"href":"https:\/\/rov-expert.com\/de\/wp-json\/wp\/v2\/comments?post=33"}],"version-history":[{"count":3,"href":"https:\/\/rov-expert.com\/de\/wp-json\/wp\/v2\/pages\/33\/revisions"}],"predecessor-version":[{"id":1295,"href":"https:\/\/rov-expert.com\/de\/wp-json\/wp\/v2\/pages\/33\/revisions\/1295"}],"wp:attachment":[{"href":"https:\/\/rov-expert.com\/de\/wp-json\/wp\/v2\/media?parent=33"}],"curies":[{"name":"wp","href":"https:\/\/api.w.org\/{rel}","templated":true}]}}