{"id":33,"date":"2022-12-06T10:52:14","date_gmt":"2022-12-06T09:52:14","guid":{"rendered":"https:\/\/consulting.rov-expert.fr\/?page_id=33"},"modified":"2024-07-18T10:57:31","modified_gmt":"2024-07-18T08:57:31","slug":"mentions-legales","status":"publish","type":"page","link":"https:\/\/rov-expert.com\/el\/mentions-legales\/","title":{"rendered":"\u039d\u03bf\u03bc\u03b9\u03ba\u03ad\u03c2 \u03c0\u03bb\u03b7\u03c1\u03bf\u03c6\u03bf\u03c1\u03af\u03b5\u03c2"},"content":{"rendered":"<h2 class=\"wp-block-heading\">1 - \u0395\u03c0\u03b5\u03be\u03b5\u03c1\u03b3\u03b1\u03c3\u03af\u03b1 \u03c4\u03bf\u03c5 \u03b9\u03c3\u03c4\u03cc\u03c4\u03bf\u03c0\u03bf\u03c5<\/h2>\n\n\n\n<p>\u03a3\u03cd\u03bc\u03c6\u03c9\u03bd\u03b1 \u03bc\u03b5&nbsp;<a href=\"https:\/\/www.legifrance.gouv.fr\/affichTexte.do?cidTexte=JORFTEXT000000801164#LEGIARTI000042038977\" target=\"_blank\" rel=\"noreferrer noopener nofollow\">\u03ac\u03c1\u03b8\u03c1\u03bf 6 \u03c4\u03bf\u03c5 \u03bd\u03cc\u03bc\u03bf\u03c5 \u03b1\u03c1\u03b9\u03b8. 2004-575 \u03c4\u03b7\u03c2 21\u03b7\u03c2 \u0399\u03bf\u03c5\u03bd\u03af\u03bf\u03c5 2004<\/a>&nbsp;\u03b3\u03b9\u03b1 \u03c4\u03b7\u03bd \u03b5\u03bc\u03c0\u03b9\u03c3\u03c4\u03bf\u03c3\u03cd\u03bd\u03b7 \u03c3\u03c4\u03b7\u03bd \u03c8\u03b7\u03c6\u03b9\u03b1\u03ba\u03ae \u03bf\u03b9\u03ba\u03bf\u03bd\u03bf\u03bc\u03af\u03b1, \u03bf\u03b9 \u03c7\u03c1\u03ae\u03c3\u03c4\u03b5\u03c2 \u03c4\u03bf\u03c5 \u03b4\u03b9\u03ba\u03c4\u03c5\u03b1\u03ba\u03bf\u03cd \u03c4\u03cc\u03c0\u03bf\u03c5 \u03b5\u03bd\u03b7\u03bc\u03b5\u03c1\u03ce\u03bd\u03bf\u03bd\u03c4\u03b1\u03b9 \u03cc\u03c4\u03b9&nbsp;<strong><a href=\"https:\/\/consulting.rov-expert.fr\/\" rel=\"nofollow noopener\" target=\"_blank\">https:\/\/consulting.rov-expert.fr\/<\/a><\/strong>&nbsp;\u03c4\u03b7\u03bd \u03c4\u03b1\u03c5\u03c4\u03cc\u03c4\u03b7\u03c4\u03b1 \u03c4\u03c9\u03bd \u03b4\u03b9\u03b1\u03c6\u03cc\u03c1\u03c9\u03bd \u03bc\u03b5\u03c1\u03ce\u03bd \u03c0\u03bf\u03c5 \u03b5\u03bc\u03c0\u03bb\u03ad\u03ba\u03bf\u03bd\u03c4\u03b1\u03b9 \u03c3\u03c4\u03b7\u03bd \u03b5\u03c6\u03b1\u03c1\u03bc\u03bf\u03b3\u03ae \u03ba\u03b1\u03b9 \u03c4\u03b7\u03bd \u03c0\u03b1\u03c1\u03b1\u03ba\u03bf\u03bb\u03bf\u03cd\u03b8\u03b7\u03c3\u03ae \u03c4\u03bf\u03c5:<\/p>\n\n\n\n<p><strong>\u0399\u03b4\u03b9\u03bf\u03ba\u03c4\u03ae\u03c4\u03b7\u03c2 \u03b9\u03c3\u03c4\u03bf\u03c3\u03b5\u03bb\u03af\u03b4\u03b1\u03c2 :\u00a0<\/strong>ROV EXPERT\u00a0&#8211; Contact :\u00a0contact@rov-expert.fr\u00a006 85 35 01 50\u00a0&#8211; Adresse :\u00a0132 Rue PS Marquis de Laplace 34500 B\u00e9ziers.<\/p>\n\n\n\n<p><strong>\u03a4\u03b1\u03c5\u03c4\u03cc\u03c4\u03b7\u03c4\u03b1 \u03c4\u03b7\u03c2 \u03b5\u03c4\u03b1\u03b9\u03c1\u03b5\u03af\u03b1\u03c2 :<\/strong>\u00a0SAS\u00a0ROV EXPERT\u00a0au capital social de\u00a01000\u20ac &#8211; SIREN :\u00a0827758251\u00a0&#8211; RCS ou RM :\u00a0Beziers B 827 758 251\u00a0&#8211; Adresse postale :\u00a0132 Rue PS Marquis de Laplace 34500 B\u00e9ziers<\/p>\n\n\n\n<p><strong>\u0394\u03b9\u03b5\u03c5\u03b8\u03c5\u03bd\u03c4\u03ae\u03c2 \u03ad\u03ba\u03b4\u03bf\u03c3\u03b7\u03c2 :\u00a0<\/strong>Andreas Pinsker\u00a0&#8211; Contact :\u00a0contact@rov-expert.fr.<\/p>\n\n\n\n<p><strong>\u039c\u03b5 \u03bf\u03b9\u03ba\u03bf\u03b4\u03b5\u03c3\u03c0\u03cc\u03c4\u03b7 \u03c4\u03bf\u03bd\/\u03c4\u03b7\u03bd :<\/strong>&nbsp;OVH SAS - 2 rue Kellermann - BP 80157 - 59053 Roubaix Cedex 1 - \u03a4\u03b7\u03bb\u03ad\u03c6\u03c9\u03bd\u03bf: 1007<\/p>\n\n\n\n<p><strong>\u03a5\u03c0\u03b5\u03cd\u03b8\u03c5\u03bd\u03bf\u03c2 \u03c0\u03c1\u03bf\u03c3\u03c4\u03b1\u03c3\u03af\u03b1\u03c2 \u03b4\u03b5\u03b4\u03bf\u03bc\u03ad\u03bd\u03c9\u03bd :&nbsp;<\/strong>Andreas Pinsker - contact@rov-expert.fr<\/p>\n\n\n\n<hr class=\"wp-block-separator has-alpha-channel-opacity\"\/>\n\n\n\n<h2 class=\"wp-block-heading\">2 - \u03a0\u03bd\u03b5\u03c5\u03bc\u03b1\u03c4\u03b9\u03ba\u03ae \u03b9\u03b4\u03b9\u03bf\u03ba\u03c4\u03b7\u03c3\u03af\u03b1 \u03ba\u03b1\u03b9 \u03c0\u03b1\u03c1\u03b1\u03c7\u03ac\u03c1\u03b1\u03be\u03b7.<\/h2>\n\n\n\n<p><strong>\u0395\u039c\u03a0\u0395\u0399\u03a1\u039f\u03a3 ROV<\/strong>&nbsp;\u03b5\u03af\u03bd\u03b1\u03b9 \u03bf \u03ba\u03ac\u03c4\u03bf\u03c7\u03bf\u03c2 \u03c4\u03c9\u03bd \u03b4\u03b9\u03ba\u03b1\u03b9\u03c9\u03bc\u03ac\u03c4\u03c9\u03bd \u03c0\u03bd\u03b5\u03c5\u03bc\u03b1\u03c4\u03b9\u03ba\u03ae\u03c2 \u03b9\u03b4\u03b9\u03bf\u03ba\u03c4\u03b7\u03c3\u03af\u03b1\u03c2 \u03ba\u03b1\u03b9 \u03ba\u03b1\u03c4\u03ad\u03c7\u03b5\u03b9 \u03c4\u03b1 \u03b4\u03b9\u03ba\u03b1\u03b9\u03ce\u03bc\u03b1\u03c4\u03b1 \u03c7\u03c1\u03ae\u03c3\u03b7\u03c2 \u03cc\u03bb\u03c9\u03bd \u03c4\u03c9\u03bd \u03c3\u03c4\u03bf\u03b9\u03c7\u03b5\u03af\u03c9\u03bd \u03c0\u03bf\u03c5 \u03b5\u03af\u03bd\u03b1\u03b9 \u03c0\u03c1\u03bf\u03c3\u03b2\u03ac\u03c3\u03b9\u03bc\u03b1 \u03c3\u03c4\u03bf\u03bd \u03b4\u03b9\u03ba\u03c4\u03c5\u03b1\u03ba\u03cc \u03c4\u03cc\u03c0\u03bf, \u03b9\u03b4\u03af\u03c9\u03c2 \u03c4\u03c9\u03bd \u03ba\u03b5\u03b9\u03bc\u03ad\u03bd\u03c9\u03bd, \u03c4\u03c9\u03bd \u03b5\u03b9\u03ba\u03cc\u03bd\u03c9\u03bd, \u03c4\u03c9\u03bd \u03b3\u03c1\u03b1\u03c6\u03b9\u03ba\u03ce\u03bd, \u03c4\u03c9\u03bd \u03bb\u03bf\u03b3\u03cc\u03c4\u03c5\u03c0\u03c9\u03bd, \u03c4\u03c9\u03bd \u03b2\u03af\u03bd\u03c4\u03b5\u03bf, \u03c4\u03b7\u03c2 \u03b1\u03c1\u03c7\u03b9\u03c4\u03b5\u03ba\u03c4\u03bf\u03bd\u03b9\u03ba\u03ae\u03c2, \u03c4\u03c9\u03bd \u03b5\u03b9\u03ba\u03bf\u03bd\u03b9\u03b4\u03af\u03c9\u03bd \u03ba\u03b1\u03b9 \u03c4\u03c9\u03bd \u03ae\u03c7\u03c9\u03bd.<\/p>\n\n\n\n<p>\u0391\u03c0\u03b1\u03b3\u03bf\u03c1\u03b5\u03cd\u03b5\u03c4\u03b1\u03b9 \u03bf\u03c0\u03bf\u03b9\u03b1\u03b4\u03ae\u03c0\u03bf\u03c4\u03b5 \u03b1\u03bd\u03b1\u03c0\u03b1\u03c1\u03b1\u03b3\u03c9\u03b3\u03ae, \u03b1\u03bd\u03b1\u03c0\u03b1\u03c1\u03ac\u03c3\u03c4\u03b1\u03c3\u03b7, \u03c4\u03c1\u03bf\u03c0\u03bf\u03c0\u03bf\u03af\u03b7\u03c3\u03b7, \u03b4\u03b7\u03bc\u03bf\u03c3\u03af\u03b5\u03c5\u03c3\u03b7, \u03c0\u03c1\u03bf\u03c3\u03b1\u03c1\u03bc\u03bf\u03b3\u03ae \u03c4\u03bf\u03c5 \u03c3\u03c5\u03bd\u03cc\u03bb\u03bf\u03c5 \u03ae \u03bc\u03ad\u03c1\u03bf\u03c5\u03c2 \u03c4\u03c9\u03bd \u03c3\u03c4\u03bf\u03b9\u03c7\u03b5\u03af\u03c9\u03bd \u03c4\u03bf\u03c5 \u03b4\u03b9\u03ba\u03c4\u03c5\u03b1\u03ba\u03bf\u03cd \u03c4\u03cc\u03c0\u03bf\u03c5, \u03b1\u03bd\u03b5\u03be\u03ac\u03c1\u03c4\u03b7\u03c4\u03b1 \u03b1\u03c0\u03cc \u03c4\u03b1 \u03bc\u03ad\u03c3\u03b1 \u03ae \u03c4\u03b7 \u03b4\u03b9\u03b1\u03b4\u03b9\u03ba\u03b1\u03c3\u03af\u03b1 \u03c0\u03bf\u03c5 \u03c7\u03c1\u03b7\u03c3\u03b9\u03bc\u03bf\u03c0\u03bf\u03b9\u03bf\u03cd\u03bd\u03c4\u03b1\u03b9, \u03b5\u03ba\u03c4\u03cc\u03c2 \u03b5\u03ac\u03bd \u03ad\u03c7\u03b5\u03b9 \u03c0\u03c1\u03bf\u03b7\u03b3\u03b7\u03b8\u03b5\u03af \u03b3\u03c1\u03b1\u03c0\u03c4\u03ae \u03ac\u03b4\u03b5\u03b9\u03b1 \u03b1\u03c0\u03cc \u03c4\u03b7\u03bd&nbsp;<strong>\u0395\u039c\u03a0\u0395\u0399\u03a1\u039f\u03a3 ROV<\/strong>.<\/p>\n\n\n\n<p>\u039f\u03c0\u03bf\u03b9\u03b1\u03b4\u03ae\u03c0\u03bf\u03c4\u03b5 \u03bc\u03b7 \u03b5\u03be\u03bf\u03c5\u03c3\u03b9\u03bf\u03b4\u03bf\u03c4\u03b7\u03bc\u03ad\u03bd\u03b7 \u03c7\u03c1\u03ae\u03c3\u03b7 \u03c4\u03bf\u03c5 \u03b9\u03c3\u03c4\u03cc\u03c4\u03bf\u03c0\u03bf\u03c5 \u03ae \u03bf\u03c0\u03bf\u03b9\u03bf\u03c5\u03b4\u03ae\u03c0\u03bf\u03c4\u03b5 \u03b1\u03c0\u03cc \u03c4\u03b1 \u03c3\u03c4\u03bf\u03b9\u03c7\u03b5\u03af\u03b1 \u03c0\u03bf\u03c5 \u03c0\u03b5\u03c1\u03b9\u03ad\u03c7\u03b5\u03b9 \u03b8\u03b1 \u03b8\u03b5\u03c9\u03c1\u03b5\u03af\u03c4\u03b1\u03b9 \u03cc\u03c4\u03b9 \u03c3\u03c5\u03bd\u03b9\u03c3\u03c4\u03ac \u03c0\u03b1\u03c1\u03ac\u03b2\u03b1\u03c3\u03b7 \u03ba\u03b1\u03b9 \u03b8\u03b1 \u03b4\u03b9\u03ce\u03ba\u03b5\u03c4\u03b1\u03b9 \u03c3\u03cd\u03bc\u03c6\u03c9\u03bd\u03b1 \u03bc\u03b5 \u03c4\u03b9\u03c2 \u03b4\u03b9\u03b1\u03c4\u03ac\u03be\u03b5\u03b9\u03c2 \u03c4\u03c9\u03bd \u03ac\u03c1\u03b8\u03c1\u03c9\u03bd&nbsp;<a href=\"https:\/\/www.legifrance.gouv.fr\/affichCodeArticle.do?idArticle=LEGIARTI000032655082&amp;cidTexte=LEGITEXT000006069414&amp;dateTexte=20160605\" target=\"_blank\" rel=\"noreferrer noopener nofollow\">L.335-2 \u03ba\u03b1\u03b9 \u03b5\u03c0\u03cc\u03bc\u03b5\u03bd\u03b1 \u03c4\u03bf\u03c5 \u03b3\u03b1\u03bb\u03bb\u03b9\u03ba\u03bf\u03cd \u03ba\u03ce\u03b4\u03b9\u03ba\u03b1 \u03c0\u03bd\u03b5\u03c5\u03bc\u03b1\u03c4\u03b9\u03ba\u03ae\u03c2 \u03b9\u03b4\u03b9\u03bf\u03ba\u03c4\u03b7\u03c3\u03af\u03b1\u03c2<\/a>.<\/p>\n\n\n\n<hr class=\"wp-block-separator has-alpha-channel-opacity\"\/>\n\n\n\n<h2 class=\"wp-block-heading\">3 - \u03a0\u03b5\u03c1\u03b9\u03bf\u03c1\u03b9\u03c3\u03bc\u03bf\u03af \u03b5\u03c5\u03b8\u03cd\u03bd\u03b7\u03c2.<\/h2>\n\n\n\n<p><strong>\u0395\u039c\u03a0\u0395\u0399\u03a1\u039f\u03a3 ROV<\/strong>&nbsp;\u03b4\u03b5\u03bd \u03bc\u03c0\u03bf\u03c1\u03b5\u03af \u03bd\u03b1 \u03b8\u03b5\u03c9\u03c1\u03b7\u03b8\u03b5\u03af \u03c5\u03c0\u03b5\u03cd\u03b8\u03c5\u03bd\u03b7 \u03b3\u03b9\u03b1 \u03bf\u03c0\u03bf\u03b9\u03b1\u03b4\u03ae\u03c0\u03bf\u03c4\u03b5 \u03ac\u03bc\u03b5\u03c3\u03b7 \u03ae \u03ad\u03bc\u03bc\u03b5\u03c3\u03b7 \u03b6\u03b7\u03bc\u03af\u03b1 \u03c0\u03bf\u03c5 \u03c0\u03c1\u03bf\u03ba\u03b1\u03bb\u03b5\u03af\u03c4\u03b1\u03b9 \u03c3\u03c4\u03bf\u03bd \u03b5\u03be\u03bf\u03c0\u03bb\u03b9\u03c3\u03bc\u03cc \u03c4\u03bf\u03c5 \u03c7\u03c1\u03ae\u03c3\u03c4\u03b7 \u03ba\u03b1\u03c4\u03ac \u03c4\u03b7\u03bd \u03c0\u03c1\u03cc\u03c3\u03b2\u03b1\u03c3\u03b7 \u03c3\u03c4\u03bf\u03bd \u03b9\u03c3\u03c4\u03cc\u03c4\u03bf\u03c0\u03bf.&nbsp;<strong><a href=\"https:\/\/consulting.rov-expert.fr\/\" rel=\"nofollow noopener\" target=\"_blank\">https:\/\/consulting.rov-expert.fr\/<\/a><\/strong>.<\/p>\n\n\n\n<p><strong>\u0395\u039c\u03a0\u0395\u0399\u03a1\u039f\u03a3 ROV<\/strong>&nbsp;\u03b4\u03b5\u03bd \u03c6\u03ad\u03c1\u03b5\u03b9 \u03ba\u03b1\u03bc\u03af\u03b1 \u03b5\u03c5\u03b8\u03cd\u03bd\u03b7 \u03b3\u03b9\u03b1 \u03c4\u03b7 \u03c7\u03c1\u03ae\u03c3\u03b7 \u03c0\u03bf\u03c5 \u03bc\u03c0\u03bf\u03c1\u03b5\u03af \u03bd\u03b1 \u03b3\u03af\u03bd\u03b5\u03b9 \u03b1\u03c0\u03cc \u03c4\u03b9\u03c2 \u03c0\u03bb\u03b7\u03c1\u03bf\u03c6\u03bf\u03c1\u03af\u03b5\u03c2 \u03ba\u03b1\u03b9 \u03c4\u03bf \u03c0\u03b5\u03c1\u03b9\u03b5\u03c7\u03cc\u03bc\u03b5\u03bd\u03bf \u03c0\u03bf\u03c5 \u03c0\u03b1\u03c1\u03bf\u03c5\u03c3\u03b9\u03ac\u03b6\u03bf\u03bd\u03c4\u03b1\u03b9 \u03c3\u03c4\u03bf&nbsp;<strong><a href=\"https:\/\/consulting.rov-expert.fr\/\" rel=\"nofollow noopener\" target=\"_blank\">https:\/\/consulting.rov-expert.fr\/<\/a><\/strong>.<\/p>\n\n\n\n<p><strong>\u0395\u039c\u03a0\u0395\u0399\u03a1\u039f\u03a3 ROV<\/strong>&nbsp;\u03b4\u03b5\u03c3\u03bc\u03b5\u03cd\u03b5\u03c4\u03b1\u03b9 \u03bd\u03b1 \u03ba\u03b1\u03c4\u03b1\u03c3\u03c4\u03ae\u03c3\u03b5\u03b9 \u03c4\u03bf\u03bd \u03b9\u03c3\u03c4\u03cc\u03c4\u03bf\u03c0\u03bf \u03cc\u03c3\u03bf \u03c4\u03bf \u03b4\u03c5\u03bd\u03b1\u03c4\u03cc\u03bd \u03c0\u03b9\u03bf \u03b1\u03c3\u03c6\u03b1\u03bb\u03ae&nbsp;<strong><a href=\"https:\/\/consulting.rov-expert.fr\/\" rel=\"nofollow noopener\" target=\"_blank\">https:\/\/consulting.rov-expert.fr\/<\/a><\/strong>, \u03a9\u03c3\u03c4\u03cc\u03c3\u03bf, \u03b4\u03b5\u03bd \u03bc\u03c0\u03bf\u03c1\u03b5\u03af \u03bd\u03b1 \u03b8\u03b5\u03c9\u03c1\u03b7\u03b8\u03b5\u03af \u03c5\u03c0\u03b5\u03cd\u03b8\u03c5\u03bd\u03b7 \u03b5\u03ac\u03bd \u03b5\u03b9\u03c3\u03ac\u03b3\u03bf\u03bd\u03c4\u03b1\u03b9 \u03ba\u03b1\u03b9 \u03b5\u03b3\u03ba\u03b1\u03b8\u03af\u03c3\u03c4\u03b1\u03bd\u03c4\u03b1\u03b9 \u03b1\u03bd\u03b5\u03c0\u03b9\u03b8\u03cd\u03bc\u03b7\u03c4\u03b1 \u03b4\u03b5\u03b4\u03bf\u03bc\u03ad\u03bd\u03b1 \u03c3\u03c4\u03bf\u03bd \u03b9\u03c3\u03c4\u03cc\u03c4\u03bf\u03c0\u03cc \u03c4\u03b7\u03c2 \u03b5\u03bd \u03b1\u03b3\u03bd\u03bf\u03af\u03b1 \u03c4\u03b7\u03c2.<\/p>\n\n\n\n<p>\u039f\u03b9 \u03c7\u03c1\u03ae\u03c3\u03c4\u03b5\u03c2 \u03ad\u03c7\u03bf\u03c5\u03bd \u03c3\u03c4\u03b7 \u03b4\u03b9\u03ac\u03b8\u03b5\u03c3\u03ae \u03c4\u03bf\u03c5\u03c2 \u03b4\u03b9\u03b1\u03b4\u03c1\u03b1\u03c3\u03c4\u03b9\u03ba\u03ad\u03c2 \u03c0\u03b5\u03c1\u03b9\u03bf\u03c7\u03ad\u03c2 (\u03c7\u03ce\u03c1\u03bf\u03c2 \u03b5\u03c0\u03b9\u03ba\u03bf\u03b9\u03bd\u03c9\u03bd\u03af\u03b1\u03c2 \u03ae \u03c3\u03c7\u03cc\u03bb\u03b9\u03b1).&nbsp;<strong>\u0395\u039c\u03a0\u0395\u0399\u03a1\u039f\u03a3 ROV<\/strong>&nbsp;\u03b4\u03b9\u03b1\u03c4\u03b7\u03c1\u03b5\u03af \u03c4\u03bf \u03b4\u03b9\u03ba\u03b1\u03af\u03c9\u03bc\u03b1 \u03bd\u03b1 \u03b4\u03b9\u03b1\u03b3\u03c1\u03ac\u03c8\u03b5\u03b9, \u03c7\u03c9\u03c1\u03af\u03c2 \u03c0\u03c1\u03bf\u03b7\u03b3\u03bf\u03cd\u03bc\u03b5\u03bd\u03b7 \u03b5\u03b9\u03b4\u03bf\u03c0\u03bf\u03af\u03b7\u03c3\u03b7, \u03bf\u03c0\u03bf\u03b9\u03bf\u03b4\u03ae\u03c0\u03bf\u03c4\u03b5 \u03c0\u03b5\u03c1\u03b9\u03b5\u03c7\u03cc\u03bc\u03b5\u03bd\u03bf \u03c0\u03bf\u03c5 \u03b1\u03bd\u03b1\u03c1\u03c4\u03ac\u03c4\u03b1\u03b9 \u03c3\u03c4\u03bf\u03bd \u03c7\u03ce\u03c1\u03bf \u03b1\u03c5\u03c4\u03cc \u03ba\u03b1\u03b9 \u03c0\u03b1\u03c1\u03b1\u03b2\u03b9\u03ac\u03b6\u03b5\u03b9 \u03c4\u03b7 \u03bd\u03bf\u03bc\u03bf\u03b8\u03b5\u03c3\u03af\u03b1 \u03c0\u03bf\u03c5 \u03b9\u03c3\u03c7\u03cd\u03b5\u03b9 \u03c3\u03c4\u03b7 \u0393\u03b1\u03bb\u03bb\u03af\u03b1, \u03b9\u03b4\u03af\u03c9\u03c2 \u03c4\u03b9\u03c2 \u03b4\u03b9\u03b1\u03c4\u03ac\u03be\u03b5\u03b9\u03c2 \u03c0\u03bf\u03c5 \u03b1\u03c6\u03bf\u03c1\u03bf\u03cd\u03bd \u03c4\u03b7\u03bd \u03c0\u03c1\u03bf\u03c3\u03c4\u03b1\u03c3\u03af\u03b1 \u03c4\u03c9\u03bd \u03b4\u03b5\u03b4\u03bf\u03bc\u03ad\u03bd\u03c9\u03bd.<\/p>\n\n\n\n<p>\u039a\u03b1\u03c4\u03ac \u03c0\u03b5\u03c1\u03af\u03c0\u03c4\u03c9\u03c3\u03b7,&nbsp;<strong>\u0395\u039c\u03a0\u0395\u0399\u03a1\u039f\u03a3 ROV<\/strong>&nbsp;\u03b4\u03b9\u03b1\u03c4\u03b7\u03c1\u03b5\u03af \u03b5\u03c0\u03af\u03c3\u03b7\u03c2 \u03c4\u03bf \u03b4\u03b9\u03ba\u03b1\u03af\u03c9\u03bc\u03b1 \u03bd\u03b1 \u03b8\u03b5\u03c9\u03c1\u03ae\u03c3\u03b5\u03b9 \u03c4\u03bf\u03bd \u03c7\u03c1\u03ae\u03c3\u03c4\u03b7 \u03b1\u03c3\u03c4\u03b9\u03ba\u03ac \u03ae\/\u03ba\u03b1\u03b9 \u03c0\u03bf\u03b9\u03bd\u03b9\u03ba\u03ac \u03c5\u03c0\u03b5\u03cd\u03b8\u03c5\u03bd\u03bf, \u03b9\u03b4\u03af\u03c9\u03c2 \u03c3\u03b5 \u03c0\u03b5\u03c1\u03af\u03c0\u03c4\u03c9\u03c3\u03b7 \u03bc\u03b7\u03bd\u03c5\u03bc\u03ac\u03c4\u03c9\u03bd \u03c1\u03b1\u03c4\u03c3\u03b9\u03c3\u03c4\u03b9\u03ba\u03bf\u03cd, \u03c0\u03c1\u03bf\u03c3\u03b2\u03bb\u03b7\u03c4\u03b9\u03ba\u03bf\u03cd, \u03b4\u03c5\u03c3\u03c6\u03b7\u03bc\u03b9\u03c3\u03c4\u03b9\u03ba\u03bf\u03cd \u03ae \u03c0\u03bf\u03c1\u03bd\u03bf\u03b3\u03c1\u03b1\u03c6\u03b9\u03ba\u03bf\u03cd \u03c7\u03b1\u03c1\u03b1\u03ba\u03c4\u03ae\u03c1\u03b1, \u03b1\u03bd\u03b5\u03be\u03ac\u03c1\u03c4\u03b7\u03c4\u03b1 \u03b1\u03c0\u03cc \u03c4\u03bf \u03bc\u03ad\u03c3\u03bf \u03c0\u03bf\u03c5 \u03c7\u03c1\u03b7\u03c3\u03b9\u03bc\u03bf\u03c0\u03bf\u03b9\u03b5\u03af\u03c4\u03b1\u03b9 (\u03ba\u03b5\u03af\u03bc\u03b5\u03bd\u03bf, \u03c6\u03c9\u03c4\u03bf\u03b3\u03c1\u03b1\u03c6\u03af\u03b5\u03c2 \u03ba.\u03bb\u03c0.).<\/p>\n\n\n\n<hr class=\"wp-block-separator has-alpha-channel-opacity\"\/>\n\n\n\n<h2 class=\"wp-block-heading\">4 - CNIL \u03ba\u03b1\u03b9 \u03b4\u03b9\u03b1\u03c7\u03b5\u03af\u03c1\u03b9\u03c3\u03b7 \u03c0\u03c1\u03bf\u03c3\u03c9\u03c0\u03b9\u03ba\u03ce\u03bd \u03b4\u03b5\u03b4\u03bf\u03bc\u03ad\u03bd\u03c9\u03bd.<\/h2>\n\n\n\n<p>\u03a3\u03cd\u03bc\u03c6\u03c9\u03bd\u03b1 \u03bc\u03b5 \u03c4\u03b9\u03c2 \u03b4\u03b9\u03b1\u03c4\u03ac\u03be\u03b5\u03b9\u03c2 \u03c4\u03bf\u03c5&nbsp;<a href=\"https:\/\/www.legifrance.gouv.fr\/affichTexte.do?cidTexte=JORFTEXT000000886460\" target=\"_blank\" rel=\"noreferrer noopener nofollow\">\u039d\u03cc\u03bc\u03bf\u03c2 78-17 \u03c4\u03b7\u03c2 6\u03b7\u03c2 \u0399\u03b1\u03bd\u03bf\u03c5\u03b1\u03c1\u03af\u03bf\u03c5 1978 \u03cc\u03c0\u03c9\u03c2 \u03c4\u03c1\u03bf\u03c0\u03bf\u03c0\u03bf\u03b9\u03ae\u03b8\u03b7\u03ba\u03b5<\/a>, \u03bf \u03c7\u03c1\u03ae\u03c3\u03c4\u03b7\u03c2 \u03c4\u03bf\u03c5&nbsp;<strong><a href=\"https:\/\/consulting.rov-expert.fr\/\" rel=\"nofollow noopener\" target=\"_blank\">https:\/\/consulting.rov-expert.fr\/<\/a><\/strong>&nbsp;\u03ad\u03c7\u03b5\u03b9 \u03c4\u03bf \u03b4\u03b9\u03ba\u03b1\u03af\u03c9\u03bc\u03b1 \u03c0\u03c1\u03cc\u03c3\u03b2\u03b1\u03c3\u03b7\u03c2, \u03c4\u03c1\u03bf\u03c0\u03bf\u03c0\u03bf\u03af\u03b7\u03c3\u03b7\u03c2 \u03ba\u03b1\u03b9 \u03b4\u03b9\u03b1\u03b3\u03c1\u03b1\u03c6\u03ae\u03c2 \u03c4\u03c9\u03bd \u03c0\u03bb\u03b7\u03c1\u03bf\u03c6\u03bf\u03c1\u03b9\u03ce\u03bd \u03c0\u03bf\u03c5 \u03c3\u03c5\u03bb\u03bb\u03ad\u03b3\u03bf\u03bd\u03c4\u03b1\u03b9. \u0393\u03b9\u03b1 \u03bd\u03b1 \u03b1\u03c3\u03ba\u03ae\u03c3\u03b5\u03c4\u03b5 \u03b1\u03c5\u03c4\u03cc \u03c4\u03bf \u03b4\u03b9\u03ba\u03b1\u03af\u03c9\u03bc\u03b1, \u03c3\u03c4\u03b5\u03af\u03bb\u03c4\u03b5 \u03bc\u03ae\u03bd\u03c5\u03bc\u03b1 \u03c3\u03c4\u03bf\u03bd \u03c5\u03c0\u03b5\u03cd\u03b8\u03c5\u03bd\u03bf \u03c0\u03c1\u03bf\u03c3\u03c4\u03b1\u03c3\u03af\u03b1\u03c2 \u03b4\u03b5\u03b4\u03bf\u03bc\u03ad\u03bd\u03c9\u03bd :&nbsp;<strong>Andreas Pinsker<\/strong>&nbsp;&#8211;&nbsp;<strong>contact@rov-expert.fr<\/strong>.<\/p>\n\n\n\n<p>\u0393\u03b9\u03b1 \u03c0\u03b5\u03c1\u03b9\u03c3\u03c3\u03cc\u03c4\u03b5\u03c1\u03b5\u03c2 \u03c0\u03bb\u03b7\u03c1\u03bf\u03c6\u03bf\u03c1\u03af\u03b5\u03c2 \u03c3\u03c7\u03b5\u03c4\u03b9\u03ba\u03ac \u03bc\u03b5 \u03c4\u03bf\u03bd \u03c4\u03c1\u03cc\u03c0\u03bf \u03bc\u03b5 \u03c4\u03bf\u03bd \u03bf\u03c0\u03bf\u03af\u03bf \u03b5\u03c0\u03b5\u03be\u03b5\u03c1\u03b3\u03b1\u03b6\u03cc\u03bc\u03b1\u03c3\u03c4\u03b5 \u03c4\u03b1 \u03b4\u03b5\u03b4\u03bf\u03bc\u03ad\u03bd\u03b1 \u03c3\u03b1\u03c2 (\u03c4\u03cd\u03c0\u03bf\u03c2 \u03b4\u03b5\u03b4\u03bf\u03bc\u03ad\u03bd\u03c9\u03bd, \u03c3\u03ba\u03bf\u03c0\u03cc\u03c2, \u03c0\u03b1\u03c1\u03b1\u03bb\u03ae\u03c0\u03c4\u03b7\u03c2 \u03ba.\u03bb\u03c0.), \u03b4\u03b9\u03b1\u03b2\u03ac\u03c3\u03c4\u03b5 \u03c4\u03bf \u03b1\u03ba\u03cc\u03bb\u03bf\u03c5\u03b8\u03bf \u03ba\u03b5\u03af\u03bc\u03b5\u03bd\u03cc \u03bc\u03b1\u03c2&nbsp;<strong><a href=\"https:\/\/consulting.rov-expert.fr\/index.php\/politique-de-confidentialite\/\" rel=\"nofollow noopener\" target=\"_blank\">https:\/\/consulting.rov-expert.fr\/index.php\/politique-de-confidentialite\/<\/a><\/strong>.<\/p>\n\n\n\n<hr class=\"wp-block-separator has-alpha-channel-opacity\"\/>\n\n\n\n<h2 class=\"wp-block-heading\">5 - \u03a3\u03cd\u03bd\u03b4\u03b5\u03c3\u03bc\u03bf\u03b9 \u03c5\u03c0\u03b5\u03c1\u03ba\u03b5\u03b9\u03bc\u03ad\u03bd\u03bf\u03c5 \u03ba\u03b1\u03b9 cookies<\/h2>\n\n\n\n<p>\u0397 \u03b9\u03c3\u03c4\u03bf\u03c3\u03b5\u03bb\u03af\u03b4\u03b1&nbsp;<strong><a href=\"https:\/\/consulting.rov-expert.fr\/\" rel=\"nofollow noopener\" target=\"_blank\">https:\/\/consulting.rov-expert.fr\/<\/a><\/strong>&nbsp;\u03c0\u03b5\u03c1\u03b9\u03ad\u03c7\u03b5\u03b9 \u03c3\u03c5\u03bd\u03b4\u03ad\u03c3\u03bc\u03bf\u03c5\u03c2 \u03c5\u03c0\u03b5\u03c1\u03ba\u03b5\u03b9\u03bc\u03ad\u03bd\u03bf\u03c5 \u03c0\u03c1\u03bf\u03c2 \u03ac\u03bb\u03bb\u03bf\u03c5\u03c2 \u03b4\u03b9\u03ba\u03c4\u03c5\u03b1\u03ba\u03bf\u03cd\u03c2 \u03c4\u03cc\u03c0\u03bf\u03c5\u03c2 \u03ba\u03b1\u03b9 \u03b4\u03b5\u03bd \u03c6\u03ad\u03c1\u03b5\u03b9 \u03ba\u03b1\u03bc\u03af\u03b1 \u03b5\u03c5\u03b8\u03cd\u03bd\u03b7 \u03b3\u03b9\u03b1 \u03b1\u03c5\u03c4\u03bf\u03cd\u03c2 \u03c4\u03bf\u03c5\u03c2 \u03b5\u03be\u03c9\u03c4\u03b5\u03c1\u03b9\u03ba\u03bf\u03cd\u03c2 \u03c3\u03c5\u03bd\u03b4\u03ad\u03c3\u03bc\u03bf\u03c5\u03c2 \u03ae \u03b3\u03b9\u03b1 \u03c4\u03bf\u03c5\u03c2 \u03c3\u03c5\u03bd\u03b4\u03ad\u03c3\u03bc\u03bf\u03c5\u03c2 \u03c0\u03bf\u03c5 \u03b4\u03b7\u03bc\u03b9\u03bf\u03c5\u03c1\u03b3\u03bf\u03cd\u03bd\u03c4\u03b1\u03b9 \u03b1\u03c0\u03cc \u03ac\u03bb\u03bb\u03bf\u03c5\u03c2 \u03b4\u03b9\u03ba\u03c4\u03c5\u03b1\u03ba\u03bf\u03cd\u03c2 \u03c4\u03cc\u03c0\u03bf\u03c5\u03c2 \u03c0\u03c1\u03bf\u03c2&nbsp;<strong><a href=\"https:\/\/consulting.rov-expert.fr\/\" rel=\"nofollow noopener\" target=\"_blank\">https:\/\/consulting.rov-expert.fr\/<\/a><\/strong>.<\/p>\n\n\n\n<p>\u03a0\u03b5\u03c1\u03b9\u03ae\u03b3\u03b7\u03c3\u03b7 \u03c3\u03c4\u03bf\u03bd \u03b9\u03c3\u03c4\u03cc\u03c4\u03bf\u03c0\u03bf&nbsp;<strong><a href=\"https:\/\/consulting.rov-expert.fr\/\" rel=\"nofollow noopener\" target=\"_blank\">https:\/\/consulting.rov-expert.fr\/<\/a><\/strong>&nbsp;\u03bc\u03c0\u03bf\u03c1\u03b5\u03af \u03bd\u03b1 \u03c0\u03c1\u03bf\u03ba\u03b1\u03bb\u03ad\u03c3\u03b5\u03b9 \u03c4\u03b7\u03bd \u03b5\u03b3\u03ba\u03b1\u03c4\u03ac\u03c3\u03c4\u03b1\u03c3\u03b7 cookies \u03c3\u03c4\u03bf\u03bd \u03c5\u03c0\u03bf\u03bb\u03bf\u03b3\u03b9\u03c3\u03c4\u03ae \u03c4\u03bf\u03c5 \u03c7\u03c1\u03ae\u03c3\u03c4\u03b7.<\/p>\n\n\n\n<p>\u0388\u03bd\u03b1 \u00abcookie\u00bb \u03b5\u03af\u03bd\u03b1\u03b9 \u03ad\u03bd\u03b1 \u03bc\u03b9\u03ba\u03c1\u03cc \u03b1\u03c1\u03c7\u03b5\u03af\u03bf \u03c0\u03bf\u03c5 \u03ba\u03b1\u03c4\u03b1\u03b3\u03c1\u03ac\u03c6\u03b5\u03b9 \u03c0\u03bb\u03b7\u03c1\u03bf\u03c6\u03bf\u03c1\u03af\u03b5\u03c2 \u03c3\u03c7\u03b5\u03c4\u03b9\u03ba\u03ac \u03bc\u03b5 \u03c4\u03b7\u03bd \u03c0\u03b5\u03c1\u03b9\u03ae\u03b3\u03b7\u03c3\u03b7 \u03b5\u03bd\u03cc\u03c2 \u03c7\u03c1\u03ae\u03c3\u03c4\u03b7 \u03c3\u03b5 \u03ad\u03bd\u03b1\u03bd \u03b9\u03c3\u03c4\u03cc\u03c4\u03bf\u03c0\u03bf. \u03a4\u03b1 \u03b4\u03b5\u03b4\u03bf\u03bc\u03ad\u03bd\u03b1 \u03c0\u03bf\u03c5 \u03bb\u03b1\u03bc\u03b2\u03ac\u03bd\u03bf\u03bd\u03c4\u03b1\u03b9 \u03bc\u03b5 \u03b1\u03c5\u03c4\u03cc\u03bd \u03c4\u03bf\u03bd \u03c4\u03c1\u03cc\u03c0\u03bf \u03bc\u03c0\u03bf\u03c1\u03bf\u03cd\u03bd \u03bd\u03b1 \u03c7\u03c1\u03b7\u03c3\u03b9\u03bc\u03bf\u03c0\u03bf\u03b9\u03b7\u03b8\u03bf\u03cd\u03bd, \u03b3\u03b9\u03b1 \u03c0\u03b1\u03c1\u03ac\u03b4\u03b5\u03b9\u03b3\u03bc\u03b1, \u03b3\u03b9\u03b1 \u03c4\u03b7 \u03bc\u03ad\u03c4\u03c1\u03b7\u03c3\u03b7 \u03c4\u03bf\u03c5 \u03b1\u03c1\u03b9\u03b8\u03bc\u03bf\u03cd \u03c4\u03c9\u03bd \u03b5\u03c0\u03b9\u03c3\u03ba\u03b5\u03c0\u03c4\u03ce\u03bd.<\/p>\n\n\n\n<p>\u039c\u03c0\u03bf\u03c1\u03b5\u03af\u03c4\u03b5 \u03bd\u03b1&nbsp;<strong>\u03b1\u03c0\u03bf\u03b4\u03bf\u03c7\u03ae \u03ae \u03b1\u03c0\u03cc\u03c1\u03c1\u03b9\u03c8\u03b7 \u03c4\u03c9\u03bd cookies<\/strong>&nbsp;\u03b1\u03bb\u03bb\u03ac\u03b6\u03bf\u03bd\u03c4\u03b1\u03c2 \u03c4\u03b9\u03c2 \u03c1\u03c5\u03b8\u03bc\u03af\u03c3\u03b5\u03b9\u03c2 \u03c4\u03bf\u03c5 \u03c0\u03c1\u03bf\u03b3\u03c1\u03ac\u03bc\u03bc\u03b1\u03c4\u03bf\u03c2 \u03c0\u03b5\u03c1\u03b9\u03ae\u03b3\u03b7\u03c3\u03ae\u03c2 \u03c3\u03b1\u03c2. \u039a\u03b1\u03bd\u03ad\u03bd\u03b1 cookie \u03b4\u03b5\u03bd \u03b8\u03b1 \u03ba\u03b1\u03c4\u03b1\u03c4\u03b5\u03b8\u03b5\u03af \u03c7\u03c9\u03c1\u03af\u03c2 \u03c4\u03b7 \u03c3\u03c5\u03b3\u03ba\u03b1\u03c4\u03ac\u03b8\u03b5\u03c3\u03ae \u03c3\u03b1\u03c2.<\/p>\n\n\n\n<p>\u03a4\u03b1 cookies \u03b1\u03c0\u03bf\u03b8\u03b7\u03ba\u03b5\u03cd\u03bf\u03bd\u03c4\u03b1\u03b9 \u03b3\u03b9\u03b1 \u03bc\u03ad\u03b3\u03b9\u03c3\u03c4\u03bf \u03b4\u03b9\u03ac\u03c3\u03c4\u03b7\u03bc\u03b1 12 \u03bc\u03b7\u03bd\u03ce\u03bd.<\/p>\n\n\n\n<p>\u0393\u03b9\u03b1 \u03c0\u03b5\u03c1\u03b9\u03c3\u03c3\u03cc\u03c4\u03b5\u03c1\u03b5\u03c2 \u03c0\u03bb\u03b7\u03c1\u03bf\u03c6\u03bf\u03c1\u03af\u03b5\u03c2 \u03c3\u03c7\u03b5\u03c4\u03b9\u03ba\u03ac \u03bc\u03b5 \u03c4\u03bf \u03c0\u03ce\u03c2 \u03c7\u03c1\u03b7\u03c3\u03b9\u03bc\u03bf\u03c0\u03bf\u03b9\u03bf\u03cd\u03bc\u03b5 \u03c4\u03b1 cookies, \u03b4\u03b9\u03b1\u03b2\u03ac\u03c3\u03c4\u03b5 \u03c4\u03bf&nbsp;<strong><a href=\"https:\/\/consulting.rov-expert.fr\/index.php\/politique-de-confidentialite\" rel=\"nofollow noopener\" target=\"_blank\">https:\/\/consulting.rov-expert.fr\/index.php\/politique-de-confidentialite<\/a>\/<\/strong>.<\/p>\n\n\n\n<hr class=\"wp-block-separator has-alpha-channel-opacity\"\/>\n\n\n\n<h2 class=\"wp-block-heading\">6 - \u0395\u03c6\u03b1\u03c1\u03bc\u03bf\u03c3\u03c4\u03ad\u03bf \u03b4\u03af\u03ba\u03b1\u03b9\u03bf \u03ba\u03b1\u03b9 \u03b4\u03b9\u03ba\u03b1\u03b9\u03bf\u03b4\u03bf\u03c3\u03af\u03b1.<\/h2>\n\n\n\n<p>\u039f\u03c0\u03bf\u03b9\u03b1\u03b4\u03ae\u03c0\u03bf\u03c4\u03b5 \u03b4\u03b9\u03b1\u03c6\u03bf\u03c1\u03ac \u03c3\u03c7\u03b5\u03c4\u03b9\u03ba\u03ac \u03bc\u03b5 \u03c4\u03b7 \u03c7\u03c1\u03ae\u03c3\u03b7 \u03c4\u03bf\u03c5 \u03b9\u03c3\u03c4\u03cc\u03c4\u03bf\u03c0\u03bf\u03c5&nbsp;<strong><a href=\"https:\/\/consulting.rov-expert.fr\/\" rel=\"nofollow noopener\" target=\"_blank\">https:\/\/consulting.rov-expert.fr\/<\/a><\/strong>&nbsp;\u03b4\u03b9\u03ad\u03c0\u03b5\u03c4\u03b1\u03b9 \u03b1\u03c0\u03cc \u03c4\u03bf \u03b3\u03b1\u03bb\u03bb\u03b9\u03ba\u03cc \u03b4\u03af\u03ba\u03b1\u03b9\u03bf. \u0395\u03ba\u03c4\u03cc\u03c2 \u03b1\u03c0\u03cc \u03c4\u03b9\u03c2 \u03c0\u03b5\u03c1\u03b9\u03c0\u03c4\u03ce\u03c3\u03b5\u03b9\u03c2 \u03cc\u03c0\u03bf\u03c5 \u03bf \u03bd\u03cc\u03bc\u03bf\u03c2 \u03b4\u03b5\u03bd \u03c4\u03bf \u03b5\u03c0\u03b9\u03c4\u03c1\u03ad\u03c0\u03b5\u03b9, \u03b1\u03c0\u03bf\u03ba\u03bb\u03b5\u03b9\u03c3\u03c4\u03b9\u03ba\u03ae \u03b4\u03b9\u03ba\u03b1\u03b9\u03bf\u03b4\u03bf\u03c3\u03af\u03b1 \u03ad\u03c7\u03bf\u03c5\u03bd \u03c4\u03b1 \u03b1\u03c1\u03bc\u03cc\u03b4\u03b9\u03b1 \u03b4\u03b9\u03ba\u03b1\u03c3\u03c4\u03ae\u03c1\u03b9\u03b1 \u03c4\u03b7\u03c2&nbsp;<strong>B\u00e9ziers<\/strong>.<\/p>","protected":false},"excerpt":{"rendered":"<p>1 &#8211; \u00c9dition du site En vertu de&nbsp;l&rsquo;article 6 de la loi n\u00b0 2004-575 du 21 juin 2004&nbsp;pour la confiance dans l&rsquo;\u00e9conomie num\u00e9rique, il est pr\u00e9cis\u00e9 aux utilisateurs du site internet&nbsp;https:\/\/consulting.rov-expert.fr\/&nbsp;l&rsquo;identit\u00e9 des diff\u00e9rents intervenants dans le cadre de sa r\u00e9alisation et de son suivi: Propri\u00e9taire du site :\u00a0ROV EXPERT\u00a0&#8211; Contact :\u00a0contact@rov-expert.fr\u00a006 85 35 01 50\u00a0&#8211; [&hellip;]<\/p>\n","protected":false},"author":1,"featured_media":0,"parent":0,"menu_order":0,"comment_status":"closed","ping_status":"closed","template":"","meta":{"footnotes":""},"class_list":["post-33","page","type-page","status-publish","hentry"],"_links":{"self":[{"href":"https:\/\/rov-expert.com\/el\/wp-json\/wp\/v2\/pages\/33","targetHints":{"allow":["GET"]}}],"collection":[{"href":"https:\/\/rov-expert.com\/el\/wp-json\/wp\/v2\/pages"}],"about":[{"href":"https:\/\/rov-expert.com\/el\/wp-json\/wp\/v2\/types\/page"}],"author":[{"embeddable":true,"href":"https:\/\/rov-expert.com\/el\/wp-json\/wp\/v2\/users\/1"}],"replies":[{"embeddable":true,"href":"https:\/\/rov-expert.com\/el\/wp-json\/wp\/v2\/comments?post=33"}],"version-history":[{"count":3,"href":"https:\/\/rov-expert.com\/el\/wp-json\/wp\/v2\/pages\/33\/revisions"}],"predecessor-version":[{"id":1295,"href":"https:\/\/rov-expert.com\/el\/wp-json\/wp\/v2\/pages\/33\/revisions\/1295"}],"wp:attachment":[{"href":"https:\/\/rov-expert.com\/el\/wp-json\/wp\/v2\/media?parent=33"}],"curies":[{"name":"wp","href":"https:\/\/api.w.org\/{rel}","templated":true}]}}