{"id":33,"date":"2022-12-06T10:52:14","date_gmt":"2022-12-06T09:52:14","guid":{"rendered":"https:\/\/consulting.rov-expert.fr\/?page_id=33"},"modified":"2024-07-18T10:57:31","modified_gmt":"2024-07-18T08:57:31","slug":"legal-notices","status":"publish","type":"page","link":"https:\/\/rov-expert.com\/en\/mentions-legales\/","title":{"rendered":"Terms of use"},"content":{"rendered":"<h2 class=\"wp-block-heading\">1 \u2013 Editing the site<\/h2>\n\n\n\n<p>Under&nbsp;<a href=\"https:\/\/www.legifrance.gouv.fr\/affichTexte.do?cidTexte=JORFTEXT000000801164#LEGIARTI000042038977\" target=\"_blank\" rel=\"noreferrer noopener nofollow\">Article 6 of Law No. 2004-575 of June 21, 2004<\/a>&nbsp;for confidence in the digital economy, users of the website are informed&nbsp;<strong><a href=\"https:\/\/consulting.rov-expert.fr\/\" rel=\"nofollow noopener\" target=\"_blank\">https:\/\/consulting.rov-expert.fr\/<\/a><\/strong>&nbsp;the identity of the various stakeholders involved in its implementation and monitoring:<\/p>\n\n\n\n<p><strong>Site owner:\u00a0<\/strong>ROV EXPERT \u2013 Contact: contact@rov-expert.fr 06 85 35 01 50 \u2013 Address: 132 Rue PS Marquis de Laplace 34500 B\u00e9ziers.<\/p>\n\n\n\n<p><strong>Company identification:<\/strong>\u00a0SAS ROV EXPERT with share capital of \u20ac1000 \u2013 SIREN: 827758251 \u2013 RCS or RM: Beziers B 827 758 251 \u2013 Postal address: 132 Rue PS Marquis de Laplace 34500 B\u00e9ziers<\/p>\n\n\n\n<p><strong>Publication Director:\u00a0<\/strong>Andreas Pinsker \u2013 Contact: contact@rov-expert.fr.<\/p>\n\n\n\n<p><strong>Host:<\/strong>&nbsp;OVH SAS \u2013 2 rue Kellermann \u2013 BP 80157 \u2013 59053 Roubaix Cedex 1 \u2013 Telephone: 1007<\/p>\n\n\n\n<p><strong>Data Protection Officer:&nbsp;<\/strong>Andreas Pinsker \u2013 contact@rov-expert.fr<\/p>\n\n\n\n<hr class=\"wp-block-separator has-alpha-channel-opacity\"\/>\n\n\n\n<h2 class=\"wp-block-heading\">2 \u2013 Intellectual property and counterfeiting.<\/h2>\n\n\n\n<p><strong>ROV EXPERT<\/strong>&nbsp;owns the intellectual property rights and holds the usage rights on all elements accessible on the website, including texts, images, graphics, logos, videos, architecture, icons and sounds.<\/p>\n\n\n\n<p>Any reproduction, representation, modification, publication, adaptation of all or part of the elements of the site, whatever the means or process used, is prohibited, except with the prior written authorization of&nbsp;<strong>ROV EXPERT<\/strong>.<\/p>\n\n\n\n<p>Any unauthorized use of the site or any of the elements it contains will be considered as constituting an infringement and will be prosecuted in accordance with the provisions of articles&nbsp;<a href=\"https:\/\/www.legifrance.gouv.fr\/affichCodeArticle.do?idArticle=LEGIARTI000032655082&amp;cidTexte=LEGITEXT000006069414&amp;dateTexte=20160605\" target=\"_blank\" rel=\"noreferrer noopener nofollow\">L.335-2 and following of the Intellectual Property Code<\/a>.<\/p>\n\n\n\n<hr class=\"wp-block-separator has-alpha-channel-opacity\"\/>\n\n\n\n<h2 class=\"wp-block-heading\">3 \u2013 Limitations of liability.<\/h2>\n\n\n\n<p><strong>ROV EXPERT<\/strong>&nbsp;cannot be held responsible for direct or indirect damage caused to the user&#039;s equipment when accessing the site&nbsp;<strong><a href=\"https:\/\/consulting.rov-expert.fr\/\" rel=\"nofollow noopener\" target=\"_blank\">https:\/\/consulting.rov-expert.fr\/<\/a><\/strong>.<\/p>\n\n\n\n<p><strong>ROV EXPERT<\/strong>&nbsp;declines all responsibility for the use that could be made of the information and content present on&nbsp;<strong><a href=\"https:\/\/consulting.rov-expert.fr\/\" rel=\"nofollow noopener\" target=\"_blank\">https:\/\/consulting.rov-expert.fr\/<\/a><\/strong>.<\/p>\n\n\n\n<p><strong>ROV EXPERT<\/strong>&nbsp;undertakes to secure the site as best as possible&nbsp;<strong><a href=\"https:\/\/consulting.rov-expert.fr\/\" rel=\"nofollow noopener\" target=\"_blank\">https:\/\/consulting.rov-expert.fr\/<\/a><\/strong>, however its responsibility cannot be called into question if unwanted data is imported and installed on its site without its knowledge.<\/p>\n\n\n\n<p>Interactive spaces (contact or comments space) are available to users.&nbsp;<strong>ROV EXPERT<\/strong>&nbsp;reserves the right to delete, without prior notice, any content posted in this space which contravenes the legislation applicable in France, in particular the provisions relating to data protection.<\/p>\n\n\n\n<p>If applicable,&nbsp;<strong>ROV EXPERT<\/strong>&nbsp;also reserves the right to bring civil and\/or criminal proceedings against the user, particularly in the event of messages of a racist, insulting, defamatory or pornographic nature, regardless of the medium used (text, photograph, etc.).<\/p>\n\n\n\n<hr class=\"wp-block-separator has-alpha-channel-opacity\"\/>\n\n\n\n<h2 class=\"wp-block-heading\">4 \u2013 CNIL and management of personal data.<\/h2>\n\n\n\n<p>In accordance with the provisions of&nbsp;<a href=\"https:\/\/www.legifrance.gouv.fr\/affichTexte.do?cidTexte=JORFTEXT000000886460\" target=\"_blank\" rel=\"noreferrer noopener nofollow\">Law 78-17 of January 6, 1978, as amended<\/a>, the user of the site&nbsp;<strong><a href=\"https:\/\/consulting.rov-expert.fr\/\" rel=\"nofollow noopener\" target=\"_blank\">https:\/\/consulting.rov-expert.fr\/<\/a><\/strong>&nbsp;has the right to access, modify and delete the information collected. To exercise this right, send a message to our Data Protection Officer:&nbsp;<strong>Andreas Pinsker<\/strong>&nbsp;\u2013&nbsp;<strong>contact@rov-expert.fr<\/strong>.<\/p>\n\n\n\n<p>For more information on how we process your data (type of data, purpose, recipient, etc.), read our&nbsp;<strong><a href=\"https:\/\/consulting.rov-expert.fr\/index.php\/politique-de-confidentialite\/\" rel=\"nofollow noopener\" target=\"_blank\">https:\/\/consulting.rov-expert.fr\/index.php\/politique-de-confidentialite\/<\/a><\/strong>.<\/p>\n\n\n\n<hr class=\"wp-block-separator has-alpha-channel-opacity\"\/>\n\n\n\n<h2 class=\"wp-block-heading\">5 \u2013 Hypertext links and cookies<\/h2>\n\n\n\n<p>The site&nbsp;<strong><a href=\"https:\/\/consulting.rov-expert.fr\/\" rel=\"nofollow noopener\" target=\"_blank\">https:\/\/consulting.rov-expert.fr\/<\/a><\/strong>&nbsp;contains hyperlinks to other sites and disclaims all liability for these external links or links created by other sites to&nbsp;<strong><a href=\"https:\/\/consulting.rov-expert.fr\/\" rel=\"nofollow noopener\" target=\"_blank\">https:\/\/consulting.rov-expert.fr\/<\/a><\/strong>.<\/p>\n\n\n\n<p>Navigation on the site&nbsp;<strong><a href=\"https:\/\/consulting.rov-expert.fr\/\" rel=\"nofollow noopener\" target=\"_blank\">https:\/\/consulting.rov-expert.fr\/<\/a><\/strong>&nbsp;is likely to cause the installation of cookie(s) on the user&#039;s computer.<\/p>\n\n\n\n<p>A &quot;cookie&quot; is a small file that records information about a user&#039;s browsing on a website. The data obtained can be used to measure traffic, for example.<\/p>\n\n\n\n<p>You have the possibility&nbsp;<strong>to accept or refuse cookies<\/strong>&nbsp;by changing your browser settings. No cookies will be placed without your consent.<\/p>\n\n\n\n<p>Cookies are stored for a maximum period of 12 months.<\/p>\n\n\n\n<p>For more information on how we use cookies, read our&nbsp;<strong><a href=\"https:\/\/consulting.rov-expert.fr\/index.php\/politique-de-confidentialite\" rel=\"nofollow noopener\" target=\"_blank\">https:\/\/consulting.rov-expert.fr\/index.php\/politique-de-confidentialite<\/a>\/<\/strong>.<\/p>\n\n\n\n<hr class=\"wp-block-separator has-alpha-channel-opacity\"\/>\n\n\n\n<h2 class=\"wp-block-heading\">6 \u2013 Applicable law and attribution of jurisdiction.<\/h2>\n\n\n\n<p>Any dispute relating to the use of the site&nbsp;<strong><a href=\"https:\/\/consulting.rov-expert.fr\/\" rel=\"nofollow noopener\" target=\"_blank\">https:\/\/consulting.rov-expert.fr\/<\/a><\/strong>&nbsp;is subject to French law. Except in cases where the law does not permit it, exclusive jurisdiction is granted to the competent courts of&nbsp;<strong>B\u00e9ziers<\/strong>.<\/p>","protected":false},"excerpt":{"rendered":"<p>1 &#8211; \u00c9dition du site En vertu de&nbsp;l&rsquo;article 6 de la loi n\u00b0 2004-575 du 21 juin 2004&nbsp;pour la confiance dans l&rsquo;\u00e9conomie num\u00e9rique, il est pr\u00e9cis\u00e9 aux utilisateurs du site internet&nbsp;https:\/\/consulting.rov-expert.fr\/&nbsp;l&rsquo;identit\u00e9 des diff\u00e9rents intervenants dans le cadre de sa r\u00e9alisation et de son suivi: Propri\u00e9taire du site :\u00a0ROV EXPERT\u00a0&#8211; Contact :\u00a0contact@rov-expert.fr\u00a006 85 35 01 50\u00a0&#8211; [&hellip;]<\/p>\n","protected":false},"author":1,"featured_media":0,"parent":0,"menu_order":0,"comment_status":"closed","ping_status":"closed","template":"","meta":{"footnotes":""},"class_list":["post-33","page","type-page","status-publish","hentry"],"_links":{"self":[{"href":"https:\/\/rov-expert.com\/en\/wp-json\/wp\/v2\/pages\/33","targetHints":{"allow":["GET"]}}],"collection":[{"href":"https:\/\/rov-expert.com\/en\/wp-json\/wp\/v2\/pages"}],"about":[{"href":"https:\/\/rov-expert.com\/en\/wp-json\/wp\/v2\/types\/page"}],"author":[{"embeddable":true,"href":"https:\/\/rov-expert.com\/en\/wp-json\/wp\/v2\/users\/1"}],"replies":[{"embeddable":true,"href":"https:\/\/rov-expert.com\/en\/wp-json\/wp\/v2\/comments?post=33"}],"version-history":[{"count":3,"href":"https:\/\/rov-expert.com\/en\/wp-json\/wp\/v2\/pages\/33\/revisions"}],"predecessor-version":[{"id":1295,"href":"https:\/\/rov-expert.com\/en\/wp-json\/wp\/v2\/pages\/33\/revisions\/1295"}],"wp:attachment":[{"href":"https:\/\/rov-expert.com\/en\/wp-json\/wp\/v2\/media?parent=33"}],"curies":[{"name":"wp","href":"https:\/\/api.w.org\/{rel}","templated":true}]}}