{"id":33,"date":"2022-12-06T10:52:14","date_gmt":"2022-12-06T09:52:14","guid":{"rendered":"https:\/\/consulting.rov-expert.fr\/?page_id=33"},"modified":"2024-07-18T10:57:31","modified_gmt":"2024-07-18T08:57:31","slug":"informacion-legal","status":"publish","type":"page","link":"https:\/\/rov-expert.com\/es\/mentions-legales\/","title":{"rendered":"Informaci\u00f3n jur\u00eddica"},"content":{"rendered":"<h2 class=\"wp-block-heading\">1 - Editar el sitio<\/h2>\n\n\n\n<p>De acuerdo con&nbsp;<a href=\"https:\/\/www.legifrance.gouv.fr\/affichTexte.do?cidTexte=JORFTEXT000000801164#LEGIARTI000042038977\" target=\"_blank\" rel=\"noreferrer noopener nofollow\">Art\u00edculo 6 de la ley n\u00ba 2004-575 de 21 de junio de 2004<\/a>&nbsp;para la confianza en la econom\u00eda digital, se informa a los usuarios del sitio web de que&nbsp;<strong><a href=\"https:\/\/consulting.rov-expert.fr\/\" rel=\"nofollow noopener\" target=\"_blank\">https:\/\/consulting.rov-expert.fr\/<\/a><\/strong>&nbsp;la identidad de las distintas partes implicadas en su aplicaci\u00f3n y control:<\/p>\n\n\n\n<p><strong>Propietario del sitio :\u00a0<\/strong>ROV EXPERT - Contacto: contact@rov-expert.fr 06 85 35 01 50 - Direcci\u00f3n: 132 Rue PS Marquis de Laplace 34500 B\u00e9ziers.<\/p>\n\n\n\n<p><strong>Identificaci\u00f3n de la empresa :<\/strong>\u00a0SAS ROV EXPERT con un capital social de 1000\u20ac - SIREN : 827758251 - RCS o RM : Beziers B 827 758 251 - Direcci\u00f3n postal : 132 Rue PS Marquis de Laplace 34500 B\u00e9ziers<\/p>\n\n\n\n<p><strong>Director de publicaci\u00f3n :\u00a0<\/strong>Andreas Pinsker - Contacto: contact@rov-expert.fr.<\/p>\n\n\n\n<p><strong>Organizado por :<\/strong>&nbsp;OVH SAS - 2 rue Kellermann - BP 80157 - 59053 Roubaix Cedex 1 - Tel\u00e9fono: 1007<\/p>\n\n\n\n<p><strong>Responsable de protecci\u00f3n de datos :&nbsp;<\/strong>Andreas Pinsker - contact@rov-expert.fr<\/p>\n\n\n\n<hr class=\"wp-block-separator has-alpha-channel-opacity\"\/>\n\n\n\n<h2 class=\"wp-block-heading\">2 - Propiedad intelectual y falsificaci\u00f3n.<\/h2>\n\n\n\n<p><strong>ROV EXPERTO<\/strong>&nbsp;es propietaria de los derechos de propiedad intelectual y titular de los derechos de uso sobre todos los elementos accesibles en el sitio web, en particular los textos, im\u00e1genes, gr\u00e1ficos, logotipos, v\u00eddeos, arquitectura, iconos y sonidos.<\/p>\n\n\n\n<p>Cualquier reproducci\u00f3n, representaci\u00f3n, modificaci\u00f3n, publicaci\u00f3n, adaptaci\u00f3n de la totalidad o parte de los elementos del sitio, cualesquiera que sean los medios o procedimientos utilizados, est\u00e1 prohibida, salvo autorizaci\u00f3n previa por escrito de&nbsp;<strong>ROV EXPERTO<\/strong>.<\/p>\n\n\n\n<p>Cualquier uso no autorizado del sitio o de cualquiera de los elementos que contiene se considerar\u00e1 constitutivo de infracci\u00f3n y ser\u00e1 perseguido de conformidad con lo dispuesto en los art\u00edculos&nbsp;<a href=\"https:\/\/www.legifrance.gouv.fr\/affichCodeArticle.do?idArticle=LEGIARTI000032655082&amp;cidTexte=LEGITEXT000006069414&amp;dateTexte=20160605\" target=\"_blank\" rel=\"noreferrer noopener nofollow\">L.335-2 y siguientes del C\u00f3digo franc\u00e9s de la Propiedad Intelectual<\/a>.<\/p>\n\n\n\n<hr class=\"wp-block-separator has-alpha-channel-opacity\"\/>\n\n\n\n<h2 class=\"wp-block-heading\">3 - Limitaciones de responsabilidad.<\/h2>\n\n\n\n<p><strong>ROV EXPERTO<\/strong>&nbsp;no se hace responsable de los da\u00f1os directos o indirectos causados al equipo del usuario al acceder al sitio.&nbsp;<strong><a href=\"https:\/\/consulting.rov-expert.fr\/\" rel=\"nofollow noopener\" target=\"_blank\">https:\/\/consulting.rov-expert.fr\/<\/a><\/strong>.<\/p>\n\n\n\n<p><strong>ROV EXPERTO<\/strong>&nbsp;no asume responsabilidad alguna por el uso que pueda hacerse de la informaci\u00f3n y contenidos presentes en&nbsp;<strong><a href=\"https:\/\/consulting.rov-expert.fr\/\" rel=\"nofollow noopener\" target=\"_blank\">https:\/\/consulting.rov-expert.fr\/<\/a><\/strong>.<\/p>\n\n\n\n<p><strong>ROV EXPERTO<\/strong>&nbsp;se compromete a que el sitio sea lo m\u00e1s seguro posible&nbsp;<strong><a href=\"https:\/\/consulting.rov-expert.fr\/\" rel=\"nofollow noopener\" target=\"_blank\">https:\/\/consulting.rov-expert.fr\/<\/a><\/strong>Sin embargo, no puede ser considerada responsable si se importan e instalan en su sitio datos no deseados sin su conocimiento.<\/p>\n\n\n\n<p>Los usuarios disponen de zonas interactivas (espacio de contacto o comentarios).&nbsp;<strong>ROV EXPERTO<\/strong>&nbsp;se reserva el derecho de suprimir, sin previo aviso, cualquier contenido publicado en este espacio que contravenga la legislaci\u00f3n aplicable en Francia, en particular las disposiciones relativas a la protecci\u00f3n de datos.<\/p>\n\n\n\n<p>Cuando proceda,&nbsp;<strong>ROV EXPERTO<\/strong>&nbsp;se reserva asimismo el derecho de exigir responsabilidades civiles y\/o penales al usuario, especialmente en caso de mensajes de car\u00e1cter racista, insultante, difamatorio o pornogr\u00e1fico, cualquiera que sea el soporte utilizado (texto, fotograf\u00edas, etc.).<\/p>\n\n\n\n<hr class=\"wp-block-separator has-alpha-channel-opacity\"\/>\n\n\n\n<h2 class=\"wp-block-heading\">4 - CNIL y gesti\u00f3n de datos personales.<\/h2>\n\n\n\n<p>De conformidad con lo dispuesto en&nbsp;<a href=\"https:\/\/www.legifrance.gouv.fr\/affichTexte.do?cidTexte=JORFTEXT000000886460\" target=\"_blank\" rel=\"noreferrer noopener nofollow\">Ley 78-17 de 6 de enero de 1978 modificada<\/a>el usuario del&nbsp;<strong><a href=\"https:\/\/consulting.rov-expert.fr\/\" rel=\"nofollow noopener\" target=\"_blank\">https:\/\/consulting.rov-expert.fr\/<\/a><\/strong>&nbsp;dispone de un derecho de acceso, modificaci\u00f3n y supresi\u00f3n de los datos recogidos. Para ejercer este derecho, env\u00ede un mensaje a nuestro responsable de protecci\u00f3n de datos :&nbsp;<strong>Andreas Pinsker<\/strong>&nbsp;\u2013&nbsp;<strong>contact@rov-expert.fr<\/strong>.<\/p>\n\n\n\n<p>Si desea m\u00e1s informaci\u00f3n sobre c\u00f3mo tratamos sus datos (tipo de datos, finalidad, destinatario, etc.), lea nuestro&nbsp;<strong><a href=\"https:\/\/consulting.rov-expert.fr\/index.php\/politique-de-confidentialite\/\" rel=\"nofollow noopener\" target=\"_blank\">https:\/\/consulting.rov-expert.fr\/index.php\/politique-de-confidentialite\/<\/a><\/strong>.<\/p>\n\n\n\n<hr class=\"wp-block-separator has-alpha-channel-opacity\"\/>\n\n\n\n<h2 class=\"wp-block-heading\">5 - Enlaces de hipertexto y cookies<\/h2>\n\n\n\n<p>El sitio web&nbsp;<strong><a href=\"https:\/\/consulting.rov-expert.fr\/\" rel=\"nofollow noopener\" target=\"_blank\">https:\/\/consulting.rov-expert.fr\/<\/a><\/strong>&nbsp;contiene enlaces de hipertexto a otros sitios y no acepta responsabilidad alguna por estos enlaces externos ni por los enlaces creados por otros sitios a&nbsp;<strong><a href=\"https:\/\/consulting.rov-expert.fr\/\" rel=\"nofollow noopener\" target=\"_blank\">https:\/\/consulting.rov-expert.fr\/<\/a><\/strong>.<\/p>\n\n\n\n<p>Navegar por el sitio&nbsp;<strong><a href=\"https:\/\/consulting.rov-expert.fr\/\" rel=\"nofollow noopener\" target=\"_blank\">https:\/\/consulting.rov-expert.fr\/<\/a><\/strong>&nbsp;puede provocar la instalaci\u00f3n de cookies en el ordenador del usuario.<\/p>\n\n\n\n<p>Una \"cookie\" es un peque\u00f1o archivo que registra informaci\u00f3n sobre la navegaci\u00f3n de un usuario en un sitio web. Los datos obtenidos de este modo pueden utilizarse, por ejemplo, para medir el n\u00famero de visitantes.<\/p>\n\n\n\n<p>Puede&nbsp;<strong>aceptar o rechazar cookies<\/strong>&nbsp;cambiando la configuraci\u00f3n de su navegador. No se depositar\u00e1 ninguna cookie sin su consentimiento.<\/p>\n\n\n\n<p>Las cookies se almacenan durante un m\u00e1ximo de 12 meses.<\/p>\n\n\n\n<p>Para obtener m\u00e1s informaci\u00f3n sobre c\u00f3mo utilizamos las cookies, lea nuestro&nbsp;<strong><a href=\"https:\/\/consulting.rov-expert.fr\/index.php\/politique-de-confidentialite\" rel=\"nofollow noopener\" target=\"_blank\">https:\/\/consulting.rov-expert.fr\/index.php\/politique-de-confidentialite<\/a>\/<\/strong>.<\/p>\n\n\n\n<hr class=\"wp-block-separator has-alpha-channel-opacity\"\/>\n\n\n\n<h2 class=\"wp-block-heading\">6 - Ley aplicable y jurisdicci\u00f3n.<\/h2>\n\n\n\n<p>Cualquier litigio relacionado con el uso del sitio&nbsp;<strong><a href=\"https:\/\/consulting.rov-expert.fr\/\" rel=\"nofollow noopener\" target=\"_blank\">https:\/\/consulting.rov-expert.fr\/<\/a><\/strong>&nbsp;se rige por la legislaci\u00f3n francesa. Salvo en los casos en que la ley no lo permita, la jurisdicci\u00f3n exclusiva se atribuye a los tribunales competentes de&nbsp;<strong>B\u00e9ziers<\/strong>.<\/p>","protected":false},"excerpt":{"rendered":"<p>1 &#8211; \u00c9dition du site En vertu de&nbsp;l&rsquo;article 6 de la loi n\u00b0 2004-575 du 21 juin 2004&nbsp;pour la confiance dans l&rsquo;\u00e9conomie num\u00e9rique, il est pr\u00e9cis\u00e9 aux utilisateurs du site internet&nbsp;https:\/\/consulting.rov-expert.fr\/&nbsp;l&rsquo;identit\u00e9 des diff\u00e9rents intervenants dans le cadre de sa r\u00e9alisation et de son suivi: Propri\u00e9taire du site :\u00a0ROV EXPERT\u00a0&#8211; Contact :\u00a0contact@rov-expert.fr\u00a006 85 35 01 50\u00a0&#8211; [&hellip;]<\/p>\n","protected":false},"author":1,"featured_media":0,"parent":0,"menu_order":0,"comment_status":"closed","ping_status":"closed","template":"","meta":{"footnotes":""},"class_list":["post-33","page","type-page","status-publish","hentry"],"_links":{"self":[{"href":"https:\/\/rov-expert.com\/es\/wp-json\/wp\/v2\/pages\/33","targetHints":{"allow":["GET"]}}],"collection":[{"href":"https:\/\/rov-expert.com\/es\/wp-json\/wp\/v2\/pages"}],"about":[{"href":"https:\/\/rov-expert.com\/es\/wp-json\/wp\/v2\/types\/page"}],"author":[{"embeddable":true,"href":"https:\/\/rov-expert.com\/es\/wp-json\/wp\/v2\/users\/1"}],"replies":[{"embeddable":true,"href":"https:\/\/rov-expert.com\/es\/wp-json\/wp\/v2\/comments?post=33"}],"version-history":[{"count":3,"href":"https:\/\/rov-expert.com\/es\/wp-json\/wp\/v2\/pages\/33\/revisions"}],"predecessor-version":[{"id":1295,"href":"https:\/\/rov-expert.com\/es\/wp-json\/wp\/v2\/pages\/33\/revisions\/1295"}],"wp:attachment":[{"href":"https:\/\/rov-expert.com\/es\/wp-json\/wp\/v2\/media?parent=33"}],"curies":[{"name":"wp","href":"https:\/\/api.w.org\/{rel}","templated":true}]}}