{"id":33,"date":"2022-12-06T10:52:14","date_gmt":"2022-12-06T09:52:14","guid":{"rendered":"https:\/\/consulting.rov-expert.fr\/?page_id=33"},"modified":"2024-07-18T10:57:31","modified_gmt":"2024-07-18T08:57:31","slug":"note-legali","status":"publish","type":"page","link":"https:\/\/rov-expert.com\/it\/mentions-legales\/","title":{"rendered":"Informazioni legali"},"content":{"rendered":"<h2 class=\"wp-block-heading\">1 \u2013 Modifica del sito<\/h2>\n\n\n\n<p>Sotto&nbsp;<a href=\"https:\/\/www.legifrance.gouv.fr\/affichTexte.do?cidTexte=JORFTEXT000000801164#LEGIARTI000042038977\" target=\"_blank\" rel=\"noreferrer noopener nofollow\">Articolo 6 della legge n. 2004-575 del 21 giugno 2004<\/a>&nbsp;per la fiducia nell&#039;economia digitale, gli utenti del sito web sono informati&nbsp;<strong><a href=\"https:\/\/consulting.rov-expert.fr\/\" rel=\"nofollow noopener\" target=\"_blank\">https:\/\/consulting.rov-expert.fr\/<\/a><\/strong>&nbsp;l\u2019identit\u00e0 dei diversi attori coinvolti nella sua attuazione e nel suo monitoraggio:<\/p>\n\n\n\n<p><strong>Proprietario del sito:\u00a0<\/strong>ROV EXPERT \u2013 Contatto: contact@rov-expert.fr 06 85 35 01 50 \u2013 Indirizzo: 132 Rue PS Marquis de Laplace 34500 B\u00e9ziers.<\/p>\n\n\n\n<p><strong>Identificazione dell&#039;azienda:<\/strong>\u00a0SAS ROV EXPERT con capitale sociale di 1000 \u20ac \u2013 SIREN: 827758251 \u2013 RCS o RM: Beziers B 827 758 251 \u2013 Indirizzo postale: 132 Rue PS Marquis de Laplace 34500 B\u00e9ziers<\/p>\n\n\n\n<p><strong>Direttore della pubblicazione:\u00a0<\/strong>Andreas Pinsker \u2013 Contatto: contact@rov-expert.fr.<\/p>\n\n\n\n<p><strong>Ospite:<\/strong>&nbsp;OVH SAS \u2013 2 rue Kellermann \u2013 BP 80157 \u2013 59053 Roubaix Cedex 1 \u2013 Telefono: 1007<\/p>\n\n\n\n<p><strong>Responsabile della protezione dei dati:&nbsp;<\/strong>Andreas Pinsker \u2013 contact@rov-expert.fr<\/p>\n\n\n\n<hr class=\"wp-block-separator has-alpha-channel-opacity\"\/>\n\n\n\n<h2 class=\"wp-block-heading\">2 \u2013 Propriet\u00e0 intellettuale e contraffazione.<\/h2>\n\n\n\n<p><strong>ESPERTO ROV<\/strong>&nbsp;\u00e8 titolare dei diritti di propriet\u00e0 intellettuale e detiene i diritti di utilizzo su tutti gli elementi accessibili sul sito web, compresi testi, immagini, grafica, loghi, video, architettura, icone e suoni.<\/p>\n\n\n\n<p>Qualsiasi riproduzione, rappresentazione, modifica, pubblicazione, adattamento di tutto o parte degli elementi del sito, qualunque sia il mezzo o il procedimento utilizzato, \u00e8 vietata, salvo previa autorizzazione scritta di&nbsp;<strong>ESPERTO ROV<\/strong>.<\/p>\n\n\n\n<p>Qualsiasi utilizzo non autorizzato del sito o di uno qualsiasi degli elementi in esso contenuti sar\u00e0 considerato come costituente una violazione e sar\u00e0 perseguito in conformit\u00e0 con quanto disposto dagli articoli&nbsp;<a href=\"https:\/\/www.legifrance.gouv.fr\/affichCodeArticle.do?idArticle=LEGIARTI000032655082&amp;cidTexte=LEGITEXT000006069414&amp;dateTexte=20160605\" target=\"_blank\" rel=\"noreferrer noopener nofollow\">L.335-2 e seguenti del Codice della Propriet\u00e0 Intellettuale<\/a>.<\/p>\n\n\n\n<hr class=\"wp-block-separator has-alpha-channel-opacity\"\/>\n\n\n\n<h2 class=\"wp-block-heading\">3 \u2013 Limitazioni di responsabilit\u00e0.<\/h2>\n\n\n\n<p><strong>ESPERTO ROV<\/strong>&nbsp;non pu\u00f2 essere ritenuta responsabile per eventuali danni diretti o indiretti causati alle apparecchiature dell&#039;utente durante l&#039;accesso al sito&nbsp;<strong><a href=\"https:\/\/consulting.rov-expert.fr\/\" rel=\"nofollow noopener\" target=\"_blank\">https:\/\/consulting.rov-expert.fr\/<\/a><\/strong>.<\/p>\n\n\n\n<p><strong>ESPERTO ROV<\/strong>&nbsp;declina ogni responsabilit\u00e0 circa l&#039;uso che potrebbe essere fatto delle informazioni e dei contenuti presenti su&nbsp;<strong><a href=\"https:\/\/consulting.rov-expert.fr\/\" rel=\"nofollow noopener\" target=\"_blank\">https:\/\/consulting.rov-expert.fr\/<\/a><\/strong>.<\/p>\n\n\n\n<p><strong>ESPERTO ROV<\/strong>&nbsp;si impegna a proteggere il sito nel miglior modo possibile&nbsp;<strong><a href=\"https:\/\/consulting.rov-expert.fr\/\" rel=\"nofollow noopener\" target=\"_blank\">https:\/\/consulting.rov-expert.fr\/<\/a><\/strong>, tuttavia la sua responsabilit\u00e0 non pu\u00f2 essere messa in discussione se dati indesiderati vengono importati e installati sul suo sito a sua insaputa.<\/p>\n\n\n\n<p>Gli utenti hanno a disposizione spazi interattivi (spazi per contatti o commenti).&nbsp;<strong>ESPERTO ROV<\/strong>&nbsp;si riserva il diritto di eliminare, senza preavviso, qualsiasi contenuto pubblicato in questo spazio che contravvenga alla legislazione applicabile in Francia, in particolare alle disposizioni relative alla protezione dei dati.<\/p>\n\n\n\n<p>Se applicabile,&nbsp;<strong>ESPERTO ROV<\/strong>&nbsp;si riserva inoltre il diritto di intraprendere azioni civili e\/o penali nei confronti dell&#039;utente, in particolare in caso di messaggi di natura razzista, ingiuriosa, diffamatoria o pornografica, indipendentemente dal mezzo utilizzato (testo, fotografia, ecc.).<\/p>\n\n\n\n<hr class=\"wp-block-separator has-alpha-channel-opacity\"\/>\n\n\n\n<h2 class=\"wp-block-heading\">4 \u2013 CNIL e gestione dei dati personali.<\/h2>\n\n\n\n<p>In conformit\u00e0 con le disposizioni del&nbsp;<a href=\"https:\/\/www.legifrance.gouv.fr\/affichTexte.do?cidTexte=JORFTEXT000000886460\" target=\"_blank\" rel=\"noreferrer noopener nofollow\">Legge 78-17 del 6 gennaio 1978, come modificata<\/a>, l&#039;utente del sito&nbsp;<strong><a href=\"https:\/\/consulting.rov-expert.fr\/\" rel=\"nofollow noopener\" target=\"_blank\">https:\/\/consulting.rov-expert.fr\/<\/a><\/strong>&nbsp;ha il diritto di accedere, modificare ed eliminare le informazioni raccolte. Per esercitare questo diritto, invia un messaggio al nostro Responsabile della protezione dei dati:&nbsp;<strong>Andreas Pinsker<\/strong>&nbsp;\u2013&nbsp;<strong>contact@rov-expert.fr<\/strong>.<\/p>\n\n\n\n<p>Per maggiori informazioni su come trattiamo i tuoi dati (tipologia di dati, finalit\u00e0, destinatario, ecc.), leggi la nostra&nbsp;<strong><a href=\"https:\/\/consulting.rov-expert.fr\/index.php\/politique-de-confidentialite\/\" rel=\"nofollow noopener\" target=\"_blank\">https:\/\/consulting.rov-expert.fr\/index.php\/politique-de-confidentialite\/<\/a><\/strong>.<\/p>\n\n\n\n<hr class=\"wp-block-separator has-alpha-channel-opacity\"\/>\n\n\n\n<h2 class=\"wp-block-heading\">5 \u2013 Collegamenti ipertestuali e cookie<\/h2>\n\n\n\n<p>Il sito&nbsp;<strong><a href=\"https:\/\/consulting.rov-expert.fr\/\" rel=\"nofollow noopener\" target=\"_blank\">https:\/\/consulting.rov-expert.fr\/<\/a><\/strong>&nbsp;contiene collegamenti ipertestuali ad altri siti e declina ogni responsabilit\u00e0 per questi collegamenti esterni o collegamenti creati da altri siti a&nbsp;<strong><a href=\"https:\/\/consulting.rov-expert.fr\/\" rel=\"nofollow noopener\" target=\"_blank\">https:\/\/consulting.rov-expert.fr\/<\/a><\/strong>.<\/p>\n\n\n\n<p>Navigazione nel sito&nbsp;<strong><a href=\"https:\/\/consulting.rov-expert.fr\/\" rel=\"nofollow noopener\" target=\"_blank\">https:\/\/consulting.rov-expert.fr\/<\/a><\/strong>&nbsp;\u00e8 probabile che determini l&#039;installazione di cookie sul computer dell&#039;utente.<\/p>\n\n\n\n<p>Un \u201ccookie\u201d \u00e8 un piccolo file che registra informazioni relative alla navigazione di un utente su un sito. I dati cos\u00ec ottenuti possono essere utilizzati, ad esempio, per effettuare misurazioni delle presenze.<\/p>\n\n\n\n<p>Hai la possibilit\u00e0&nbsp;<strong>per accettare o rifiutare i cookie<\/strong>&nbsp;modificando le impostazioni del browser. Nessun cookie verr\u00e0 inserito senza il tuo consenso.<\/p>\n\n\n\n<p>I cookie vengono conservati per un periodo massimo di 12 mesi.<\/p>\n\n\n\n<p>Per maggiori informazioni su come utilizziamo i cookie, leggi la nostra&nbsp;<strong><a href=\"https:\/\/consulting.rov-expert.fr\/index.php\/politique-de-confidentialite\" rel=\"nofollow noopener\" target=\"_blank\">https:\/\/consulting.rov-expert.fr\/index.php\/politique-de-confidentialite<\/a>\/<\/strong>.<\/p>\n\n\n\n<hr class=\"wp-block-separator has-alpha-channel-opacity\"\/>\n\n\n\n<h2 class=\"wp-block-heading\">6 \u2013 Legge applicabile e attribuzione di giurisdizione.<\/h2>\n\n\n\n<p>Ogni controversia relativa all&#039;utilizzo del sito&nbsp;<strong><a href=\"https:\/\/consulting.rov-expert.fr\/\" rel=\"nofollow noopener\" target=\"_blank\">https:\/\/consulting.rov-expert.fr\/<\/a><\/strong>&nbsp;\u00e8 soggetto alla legge francese. Salvo i casi in cui la legge non lo consenta, la giurisdizione esclusiva \u00e8 attribuita ai tribunali competenti di&nbsp;<strong>B\u00e9ziers<\/strong>.<\/p>","protected":false},"excerpt":{"rendered":"<p>1 &#8211; \u00c9dition du site En vertu de&nbsp;l&rsquo;article 6 de la loi n\u00b0 2004-575 du 21 juin 2004&nbsp;pour la confiance dans l&rsquo;\u00e9conomie num\u00e9rique, il est pr\u00e9cis\u00e9 aux utilisateurs du site internet&nbsp;https:\/\/consulting.rov-expert.fr\/&nbsp;l&rsquo;identit\u00e9 des diff\u00e9rents intervenants dans le cadre de sa r\u00e9alisation et de son suivi: Propri\u00e9taire du site :\u00a0ROV EXPERT\u00a0&#8211; Contact :\u00a0contact@rov-expert.fr\u00a006 85 35 01 50\u00a0&#8211; [&hellip;]<\/p>\n","protected":false},"author":1,"featured_media":0,"parent":0,"menu_order":0,"comment_status":"closed","ping_status":"closed","template":"","meta":{"footnotes":""},"class_list":["post-33","page","type-page","status-publish","hentry"],"_links":{"self":[{"href":"https:\/\/rov-expert.com\/it\/wp-json\/wp\/v2\/pages\/33","targetHints":{"allow":["GET"]}}],"collection":[{"href":"https:\/\/rov-expert.com\/it\/wp-json\/wp\/v2\/pages"}],"about":[{"href":"https:\/\/rov-expert.com\/it\/wp-json\/wp\/v2\/types\/page"}],"author":[{"embeddable":true,"href":"https:\/\/rov-expert.com\/it\/wp-json\/wp\/v2\/users\/1"}],"replies":[{"embeddable":true,"href":"https:\/\/rov-expert.com\/it\/wp-json\/wp\/v2\/comments?post=33"}],"version-history":[{"count":3,"href":"https:\/\/rov-expert.com\/it\/wp-json\/wp\/v2\/pages\/33\/revisions"}],"predecessor-version":[{"id":1295,"href":"https:\/\/rov-expert.com\/it\/wp-json\/wp\/v2\/pages\/33\/revisions\/1295"}],"wp:attachment":[{"href":"https:\/\/rov-expert.com\/it\/wp-json\/wp\/v2\/media?parent=33"}],"curies":[{"name":"wp","href":"https:\/\/api.w.org\/{rel}","templated":true}]}}