{"id":33,"date":"2022-12-06T10:52:14","date_gmt":"2022-12-06T09:52:14","guid":{"rendered":"https:\/\/consulting.rov-expert.fr\/?page_id=33"},"modified":"2024-07-18T10:57:31","modified_gmt":"2024-07-18T08:57:31","slug":"avisos-legais","status":"publish","type":"page","link":"https:\/\/rov-expert.com\/pt\/mentions-legales\/","title":{"rendered":"Informa\u00e7\u00e3o jur\u00eddica"},"content":{"rendered":"<h2 class=\"wp-block-heading\">1 \u2013 Edi\u00e7\u00e3o do site<\/h2>\n\n\n\n<p>Sob&nbsp;<a href=\"https:\/\/www.legifrance.gouv.fr\/affichTexte.do?cidTexte=JORFTEXT000000801164#LEGIARTI000042038977\" target=\"_blank\" rel=\"noreferrer noopener nofollow\">Artigo 6\u00ba da Lei n\u00ba 2004-575 de 21 de junho de 2004<\/a>&nbsp;para a confian\u00e7a na economia digital, os usu\u00e1rios do site s\u00e3o informados&nbsp;<strong><a href=\"https:\/\/consulting.rov-expert.fr\/\" rel=\"nofollow noopener\" target=\"_blank\">https:\/\/consulting.rov-expert.fr\/<\/a><\/strong>&nbsp;a identidade dos v\u00e1rios intervenientes envolvidos na sua implementa\u00e7\u00e3o e monitoriza\u00e7\u00e3o:<\/p>\n\n\n\n<p><strong>Propriet\u00e1rio do site:\u00a0<\/strong>ROV EXPERT \u2013 Contato: contact@rov-expert.fr 06 85 35 01 50 \u2013 Endere\u00e7o: 132 Rue PS Marquis de Laplace 34500 B\u00e9ziers.<\/p>\n\n\n\n<p><strong>Identifica\u00e7\u00e3o da empresa:<\/strong>\u00a0SAS ROV EXPERT com capital social de \u20ac 1.000 \u2013 SIREN: 827758251 \u2013 RCS ou RM: Beziers B 827 758 251 \u2013 Endere\u00e7o postal: 132 Rue PS Marquis de Laplace 34500 B\u00e9ziers<\/p>\n\n\n\n<p><strong>Diretor de Publica\u00e7\u00e3o:\u00a0<\/strong>Andreas Pinsker \u2013 Contato: contact@rov-expert.fr.<\/p>\n\n\n\n<p><strong>Hospedar:<\/strong>&nbsp;OVH SAS \u2013 2 rue Kellermann \u2013 BP 80157 \u2013 59053 Roubaix Cedex 1 \u2013 Telefone: 1007<\/p>\n\n\n\n<p><strong>Encarregado da Prote\u00e7\u00e3o de Dados:&nbsp;<\/strong>Andreas Pinsker \u2013 contact@rov-expert.fr<\/p>\n\n\n\n<hr class=\"wp-block-separator has-alpha-channel-opacity\"\/>\n\n\n\n<h2 class=\"wp-block-heading\">2 \u2013 Propriedade intelectual e falsifica\u00e7\u00e3o.<\/h2>\n\n\n\n<p><strong>ESPECIALISTA EM ROV<\/strong>&nbsp;\u00e9 titular dos direitos de propriedade intelectual e det\u00e9m os direitos de uso sobre todos os elementos acess\u00edveis no site, incluindo textos, imagens, gr\u00e1ficos, logotipos, v\u00eddeos, arquitetura, \u00edcones e sons.<\/p>\n\n\n\n<p>\u00c9 proibida qualquer reprodu\u00e7\u00e3o, representa\u00e7\u00e3o, modifica\u00e7\u00e3o, publica\u00e7\u00e3o, adapta\u00e7\u00e3o de todo ou parte dos elementos do site, qualquer que seja o meio ou processo utilizado, salvo com autoriza\u00e7\u00e3o pr\u00e9via por escrito da&nbsp;<strong>ESPECIALISTA EM ROV<\/strong>.<\/p>\n\n\n\n<p>Qualquer uso n\u00e3o autorizado do site ou de qualquer um dos elementos nele contidos ser\u00e1 considerado como uma infra\u00e7\u00e3o e ser\u00e1 processado de acordo com as disposi\u00e7\u00f5es dos artigos&nbsp;<a href=\"https:\/\/www.legifrance.gouv.fr\/affichCodeArticle.do?idArticle=LEGIARTI000032655082&amp;cidTexte=LEGITEXT000006069414&amp;dateTexte=20160605\" target=\"_blank\" rel=\"noreferrer noopener nofollow\">L.335-2 e seguintes do C\u00f3digo de Propriedade Intelectual<\/a>.<\/p>\n\n\n\n<hr class=\"wp-block-separator has-alpha-channel-opacity\"\/>\n\n\n\n<h2 class=\"wp-block-heading\">3 \u2013 Limita\u00e7\u00f5es de responsabilidade.<\/h2>\n\n\n\n<p><strong>ESPECIALISTA EM ROV<\/strong>&nbsp;n\u00e3o poder\u00e1 ser responsabilizada por danos diretos ou indiretos causados ao equipamento do usu\u00e1rio ao acessar o site&nbsp;<strong><a href=\"https:\/\/consulting.rov-expert.fr\/\" rel=\"nofollow noopener\" target=\"_blank\">https:\/\/consulting.rov-expert.fr\/<\/a><\/strong>.<\/p>\n\n\n\n<p><strong>ESPECIALISTA EM ROV<\/strong>&nbsp;declina qualquer responsabilidade pelo uso que possa ser feito das informa\u00e7\u00f5es e conte\u00fados presentes neste&nbsp;<strong><a href=\"https:\/\/consulting.rov-expert.fr\/\" rel=\"nofollow noopener\" target=\"_blank\">https:\/\/consulting.rov-expert.fr\/<\/a><\/strong>.<\/p>\n\n\n\n<p><strong>ESPECIALISTA EM ROV<\/strong>&nbsp;compromete-se a proteger o local da melhor forma poss\u00edvel&nbsp;<strong><a href=\"https:\/\/consulting.rov-expert.fr\/\" rel=\"nofollow noopener\" target=\"_blank\">https:\/\/consulting.rov-expert.fr\/<\/a><\/strong>, no entanto, sua responsabilidade n\u00e3o pode ser questionada se dados indesejados forem importados e instalados em seu site sem seu conhecimento.<\/p>\n\n\n\n<p>Espa\u00e7os interativos (espa\u00e7o de contato ou coment\u00e1rios) est\u00e3o dispon\u00edveis para os usu\u00e1rios.&nbsp;<strong>ESPECIALISTA EM ROV<\/strong>&nbsp;reserva-se o direito de eliminar, sem aviso pr\u00e9vio, qualquer conte\u00fado publicado neste espa\u00e7o que viole a legisla\u00e7\u00e3o aplic\u00e1vel em Fran\u00e7a, em particular as disposi\u00e7\u00f5es relativas \u00e0 prote\u00e7\u00e3o de dados.<\/p>\n\n\n\n<p>Se aplic\u00e1vel,&nbsp;<strong>ESPECIALISTA EM ROV<\/strong>&nbsp;reserva-se tamb\u00e9m o direito de intentar contra o utilizador ac\u00e7\u00f5es c\u00edveis e\/ou penais, nomeadamente em caso de mensagens de car\u00e1cter racista, injurioso, difamat\u00f3rio ou pornogr\u00e1fico, independentemente do suporte utilizado (texto, fotografia, etc.).<\/p>\n\n\n\n<hr class=\"wp-block-separator has-alpha-channel-opacity\"\/>\n\n\n\n<h2 class=\"wp-block-heading\">4 \u2013 CNIL e gest\u00e3o de dados pessoais.<\/h2>\n\n\n\n<p>De acordo com as disposi\u00e7\u00f5es do&nbsp;<a href=\"https:\/\/www.legifrance.gouv.fr\/affichTexte.do?cidTexte=JORFTEXT000000886460\" target=\"_blank\" rel=\"noreferrer noopener nofollow\">Lei 78-17 de 6 de janeiro de 1978, conforme alterada<\/a>, o usu\u00e1rio do site&nbsp;<strong><a href=\"https:\/\/consulting.rov-expert.fr\/\" rel=\"nofollow noopener\" target=\"_blank\">https:\/\/consulting.rov-expert.fr\/<\/a><\/strong>&nbsp;tem o direito de acessar, modificar e excluir as informa\u00e7\u00f5es coletadas. Para exercer este direito, envie uma mensagem ao nosso Encarregado da Prote\u00e7\u00e3o de Dados:&nbsp;<strong>Andreas Pinsker<\/strong>&nbsp;-&nbsp;<strong>contact@rov-expert.fr<\/strong>.<\/p>\n\n\n\n<p>Para obter mais informa\u00e7\u00f5es sobre como processamos seus dados (tipo de dados, finalidade, destinat\u00e1rio, etc.), leia nosso&nbsp;<strong><a href=\"https:\/\/consulting.rov-expert.fr\/index.php\/politique-de-confidentialite\/\" rel=\"nofollow noopener\" target=\"_blank\">https:\/\/consulting.rov-expert.fr\/index.php\/politique-de-confidentialite\/<\/a><\/strong>.<\/p>\n\n\n\n<hr class=\"wp-block-separator has-alpha-channel-opacity\"\/>\n\n\n\n<h2 class=\"wp-block-heading\">5 \u2013 Links de hipertexto e cookies<\/h2>\n\n\n\n<p>O site&nbsp;<strong><a href=\"https:\/\/consulting.rov-expert.fr\/\" rel=\"nofollow noopener\" target=\"_blank\">https:\/\/consulting.rov-expert.fr\/<\/a><\/strong>&nbsp;cont\u00e9m hiperlinks para outros sites e se isenta de toda responsabilidade por esses links externos ou links criados por outros sites para&nbsp;<strong><a href=\"https:\/\/consulting.rov-expert.fr\/\" rel=\"nofollow noopener\" target=\"_blank\">https:\/\/consulting.rov-expert.fr\/<\/a><\/strong>.<\/p>\n\n\n\n<p>Navega\u00e7\u00e3o no site&nbsp;<strong><a href=\"https:\/\/consulting.rov-expert.fr\/\" rel=\"nofollow noopener\" target=\"_blank\">https:\/\/consulting.rov-expert.fr\/<\/a><\/strong>&nbsp;\u00e9 prov\u00e1vel que cause a instala\u00e7\u00e3o de cookie(s) no computador do usu\u00e1rio.<\/p>\n\n\n\n<p>Um \u201ccookie\u201d \u00e9 um pequeno arquivo que registra informa\u00e7\u00f5es relacionadas \u00e0 navega\u00e7\u00e3o de um usu\u00e1rio em um site. Os dados assim obtidos podem ser utilizados para obter medi\u00e7\u00f5es de frequ\u00eancia, por exemplo.<\/p>\n\n\n\n<p>Voc\u00ea tem a possibilidade&nbsp;<strong>para aceitar ou recusar cookies<\/strong>&nbsp;alterando as configura\u00e7\u00f5es do seu navegador. Nenhum cookie ser\u00e1 colocado sem o seu consentimento.<\/p>\n\n\n\n<p>Os cookies s\u00e3o armazenados por um per\u00edodo m\u00e1ximo de 12 meses.<\/p>\n\n\n\n<p>Para obter mais informa\u00e7\u00f5es sobre como usamos cookies, leia nossa&nbsp;<strong><a href=\"https:\/\/consulting.rov-expert.fr\/index.php\/politique-de-confidentialite\" rel=\"nofollow noopener\" target=\"_blank\">https:\/\/consulting.rov-expert.fr\/index.php\/politique-de-confidentialite<\/a>\/<\/strong>.<\/p>\n\n\n\n<hr class=\"wp-block-separator has-alpha-channel-opacity\"\/>\n\n\n\n<h2 class=\"wp-block-heading\">6 \u2013 Lei aplic\u00e1vel e atribui\u00e7\u00e3o de jurisdi\u00e7\u00e3o.<\/h2>\n\n\n\n<p>Qualquer disputa relacionada ao uso do site&nbsp;<strong><a href=\"https:\/\/consulting.rov-expert.fr\/\" rel=\"nofollow noopener\" target=\"_blank\">https:\/\/consulting.rov-expert.fr\/<\/a><\/strong>&nbsp;est\u00e1 sujeito \u00e0 lei francesa. Salvo nos casos em que a lei n\u00e3o o permita, a compet\u00eancia \u00e9 exclusiva dos tribunais competentes do&nbsp;<strong>B\u00e9ziers<\/strong>.<\/p>","protected":false},"excerpt":{"rendered":"<p>1 &#8211; \u00c9dition du site En vertu de&nbsp;l&rsquo;article 6 de la loi n\u00b0 2004-575 du 21 juin 2004&nbsp;pour la confiance dans l&rsquo;\u00e9conomie num\u00e9rique, il est pr\u00e9cis\u00e9 aux utilisateurs du site internet&nbsp;https:\/\/consulting.rov-expert.fr\/&nbsp;l&rsquo;identit\u00e9 des diff\u00e9rents intervenants dans le cadre de sa r\u00e9alisation et de son suivi: Propri\u00e9taire du site :\u00a0ROV EXPERT\u00a0&#8211; Contact :\u00a0contact@rov-expert.fr\u00a006 85 35 01 50\u00a0&#8211; [&hellip;]<\/p>\n","protected":false},"author":1,"featured_media":0,"parent":0,"menu_order":0,"comment_status":"closed","ping_status":"closed","template":"","meta":{"footnotes":""},"class_list":["post-33","page","type-page","status-publish","hentry"],"_links":{"self":[{"href":"https:\/\/rov-expert.com\/pt\/wp-json\/wp\/v2\/pages\/33","targetHints":{"allow":["GET"]}}],"collection":[{"href":"https:\/\/rov-expert.com\/pt\/wp-json\/wp\/v2\/pages"}],"about":[{"href":"https:\/\/rov-expert.com\/pt\/wp-json\/wp\/v2\/types\/page"}],"author":[{"embeddable":true,"href":"https:\/\/rov-expert.com\/pt\/wp-json\/wp\/v2\/users\/1"}],"replies":[{"embeddable":true,"href":"https:\/\/rov-expert.com\/pt\/wp-json\/wp\/v2\/comments?post=33"}],"version-history":[{"count":3,"href":"https:\/\/rov-expert.com\/pt\/wp-json\/wp\/v2\/pages\/33\/revisions"}],"predecessor-version":[{"id":1295,"href":"https:\/\/rov-expert.com\/pt\/wp-json\/wp\/v2\/pages\/33\/revisions\/1295"}],"wp:attachment":[{"href":"https:\/\/rov-expert.com\/pt\/wp-json\/wp\/v2\/media?parent=33"}],"curies":[{"name":"wp","href":"https:\/\/api.w.org\/{rel}","templated":true}]}}