{"id":3304,"date":"2025-03-15T10:12:12","date_gmt":"2025-03-15T09:12:12","guid":{"rendered":"https:\/\/consulting.rov-expert.fr\/index.php\/produit\/watertight-enclosure-spare-o-ring-set-75-mm-3\/"},"modified":"2025-03-15T10:12:12","modified_gmt":"2025-03-15T09:12:12","slug":"involucro-estanque-conjunto-de-aneis-de-vedacao-sobresselentes-75-mm-3","status":"publish","type":"product","link":"https:\/\/rov-expert.com\/pt\/garage\/cylindrical-locking-series-2-8\/watertight-enclosure-spare-o-ring-set-75-mm-3\/","title":{"rendered":"Conjunto de an\u00e9is de veda\u00e7\u00e3o de substitui\u00e7\u00e3o para caixas estanques - 75 mm (3\u2033)"},"content":{"rendered":"","protected":false},"excerpt":{"rendered":"","protected":false},"featured_media":2188,"template":"","meta":[],"product_brand":[131],"product_cat":[141],"product_tag":[],"class_list":{"0":"post-3304","1":"product","2":"type-product","3":"status-publish","4":"has-post-thumbnail","6":"product_brand-blue-robotics","7":"product_cat-cylindrical-locking-series-2-8","9":"first","10":"instock","11":"shipping-taxable","12":"product-type-simple"},"_links":{"self":[{"href":"https:\/\/rov-expert.com\/pt\/wp-json\/wp\/v2\/product\/3304","targetHints":{"allow":["GET"]}}],"collection":[{"href":"https:\/\/rov-expert.com\/pt\/wp-json\/wp\/v2\/product"}],"about":[{"href":"https:\/\/rov-expert.com\/pt\/wp-json\/wp\/v2\/types\/product"}],"wp:featuredmedia":[{"embeddable":true,"href":"https:\/\/rov-expert.com\/pt\/wp-json\/wp\/v2\/media\/2188"}],"wp:attachment":[{"href":"https:\/\/rov-expert.com\/pt\/wp-json\/wp\/v2\/media?parent=3304"}],"wp:term":[{"taxonomy":"product_brand","embeddable":true,"href":"https:\/\/rov-expert.com\/pt\/wp-json\/wp\/v2\/product_brand?post=3304"},{"taxonomy":"product_cat","embeddable":true,"href":"https:\/\/rov-expert.com\/pt\/wp-json\/wp\/v2\/product_cat?post=3304"},{"taxonomy":"product_tag","embeddable":true,"href":"https:\/\/rov-expert.com\/pt\/wp-json\/wp\/v2\/product_tag?post=3304"}],"curies":[{"name":"wp","href":"https:\/\/api.w.org\/{rel}","templated":true}]}}