{"id":3567,"date":"2025-03-15T10:14:07","date_gmt":"2025-03-15T09:14:07","guid":{"rendered":"https:\/\/consulting.rov-expert.fr\/index.php\/produit\/stellarhd-pro-6000m-60fps-global-shutter-frame-sync-subsea-rov-auv-usb-machine-vision-camera\/"},"modified":"2025-03-15T10:14:07","modified_gmt":"2025-03-15T09:14:07","slug":"camera-de-visao-de-maquina-stellarhd-pro-6000m-60fps-com-sincronizacao-global-de-quadro-e-obturador-submarina-rov-auv-e-usb","status":"publish","type":"product","link":"https:\/\/rov-expert.com\/pt\/garage\/auv\/stellarhd-pro-6000m-60fps-global-shutter-frame-sync-subsea-rov-auv-usb-machine-vision-camera\/","title":{"rendered":"C\u00e2mera de vis\u00e3o de m\u00e1quina USB submarina ROV\/AUV stellarHD Pro (6000m) 60FPS Global Shutter Frame-Sync"},"content":{"rendered":"","protected":false},"excerpt":{"rendered":"","protected":false},"featured_media":2470,"template":"","meta":[],"product_brand":[182],"product_cat":[128,125,179,180,130,126,129,127],"product_tag":[],"class_list":{"0":"post-3567","1":"product","2":"type-product","3":"status-publish","4":"has-post-thumbnail","6":"product_brand-dwe","7":"product_cat-auv","8":"product_cat-blue-robotics","9":"product_cat-dwe","10":"product_cat-explore","11":"product_cat-robotics","12":"product_cat-rov","13":"product_cat-underwater","14":"product_cat-usv","16":"first","17":"instock","18":"shipping-taxable","19":"product-type-simple"},"_links":{"self":[{"href":"https:\/\/rov-expert.com\/pt\/wp-json\/wp\/v2\/product\/3567","targetHints":{"allow":["GET"]}}],"collection":[{"href":"https:\/\/rov-expert.com\/pt\/wp-json\/wp\/v2\/product"}],"about":[{"href":"https:\/\/rov-expert.com\/pt\/wp-json\/wp\/v2\/types\/product"}],"wp:featuredmedia":[{"embeddable":true,"href":"https:\/\/rov-expert.com\/pt\/wp-json\/wp\/v2\/media\/2470"}],"wp:attachment":[{"href":"https:\/\/rov-expert.com\/pt\/wp-json\/wp\/v2\/media?parent=3567"}],"wp:term":[{"taxonomy":"product_brand","embeddable":true,"href":"https:\/\/rov-expert.com\/pt\/wp-json\/wp\/v2\/product_brand?post=3567"},{"taxonomy":"product_cat","embeddable":true,"href":"https:\/\/rov-expert.com\/pt\/wp-json\/wp\/v2\/product_cat?post=3567"},{"taxonomy":"product_tag","embeddable":true,"href":"https:\/\/rov-expert.com\/pt\/wp-json\/wp\/v2\/product_tag?post=3567"}],"curies":[{"name":"wp","href":"https:\/\/api.w.org\/{rel}","templated":true}]}}